{"id":2523,"date":"2021-09-20T07:48:19","date_gmt":"2021-09-20T07:48:19","guid":{"rendered":"https:\/\/atryshealth.com\/?page_id=2523"},"modified":"2026-05-11T15:22:55","modified_gmt":"2026-05-11T13:22:55","slug":"empleados","status":"publish","type":"page","link":"https:\/\/www.atryshealth.com\/es\/empleados\/","title":{"rendered":"Empleados"},"content":{"rendered":"<section id=\"introArticulosPatentes\" class=\"section section__intro section__intro__generic \">\r\n\t<!-- INTRO EN EL MUNDO -->\r\n\t<div class=\"bg-desktop\" style=\"background-image: url(https:\/\/www.atryshealth.com\/wp-content\/uploads\/2025\/11\/banner-gobierno-corporativo-3.png)\"><\/div>\r\n\t<div class=\"bg-mobile\" style=\"background-image: url(https:\/\/www.atryshealth.com\/wp-content\/uploads\/2025\/11\/diseno-sin-titulo.png)\"><\/div>\r\n\t<div class=\"container\">\r\n\t\t\r\n\t\t<div class=\"box box__text\">\r\n\t\t\t\r\n\t\t\t\r\n\t\t\t\t\t\t\t\t\t\r\n\t\t\t\t\t<p class=\"fs fs28 fw fw500 blueLightColor\">Trabajar en Atrys <\/p>\r\n\t\t\t\t\t<div class=\"separator separator__20\"><\/div>\r\n\t\t\t\t\r\n\t\t\t\t<h2 class=\"fs fs55 fw fw100 whiteColor\">Somos un equipo vocacional<\/h2>\r\n\r\n\t\t\t\r\n\t\t\t<div class=\"separator separator__20\"><\/div>\r\n\t\t\t\t\t\t\t<p class=\"fs fs20 fw fw100 whiteColor\">Con nuestra experiencia, nuestros valores, y nuestra especializaci\u00f3n, construimos Atrys. <\/p>\r\n\t\t\t\r\n\t\t\t\t\t<\/div>\r\n\t<\/div>\r\n<\/section> <!-- END INTRO EN EL MUNDO -->\n\n\n<div style=\"height:100px\" aria-hidden=\"true\" class=\"wp-block-spacer\"><\/div>\n\n\n\r\n<section id=\"noticiasDoble\" class=\"section section__noticiasDoble\">\r\n\t<!-- NOTICIAS DOBLE -->\r\n\t\t\t\t\t\t<div class=\"container\">\r\n\t\t\t\t<div class=\"mask animate-in-left\">\r\n\t\t\t\t\t\t\t\t\t\t\t\t\t\t\t\t\t\t<a href=\"https:\/\/atryshealth.com\/dejanos-tu-cv\/\" title=\"D\u00e9janos tu curr\u00edculum\"><img decoding=\"async\" src=\"https:\/\/www.atryshealth.com\/wp-content\/uploads\/2026\/05\/imagenes-web.png\" alt=\"\"><\/a>\r\n\t\t\t\t\t\t\t\t\t\t\t\t\t\t\t<\/div>\r\n\r\n\t\t\t\t<div class=\"box box__text animate-in-right\">\r\n\t\t\t\t\t\t\t\t\t\t\t<h2 class=\"fs fs55 fw fw500 blueColor\">\r\n\t\t\t\t\t\t\t\t\t\t\t\t\t\t\t<a href=\"https:\/\/atryshealth.com\/dejanos-tu-cv\/\" title=\"D\u00e9janos tu curr\u00edculum\">\u00danete a la transformaci\u00f3n de la salud\r\n<\/a>\r\n\t\t\t\t\t\t\t\t\t\t\t\t\t<\/h2>\r\n\t\t\t\t\t\r\n\t\t\t\t\t\t\t\t\t\t\t<div class=\"separator separator__20\"><\/div>\r\n\t\t\t\t\t\t<div class=\"fs fs20 fw fw100 content-with-p\"><p>Nuestro compromiso es transformar la salud, acercando soluciones personalizadas a cada paciente gracias a la tecnolog\u00eda, la investigaci\u00f3n y el conocimiento experto \u00bfQuieres ser parte de este cambio?<\/p>\n<\/div>\r\n\t\t\t\t\t\r\n\r\n\t\t\t\t\t\t\t\t\t\t\t<div class=\"separator separator__40\"><\/div>\r\n\t\t\t\t\t\t<a href=\"https:\/\/atryshealth.com\/dejanos-tu-cv\/\" class=\"fs fs16 fw fw500 blueLightColor uppercase Din\" title=\"D\u00e9janos tu curr\u00edculum\">D\u00e9janos tu curr\u00edculum<\/a>\r\n\t\t\t\t\t\r\n\r\n\r\n\t\t\t\t\t\r\n\t\t\t\t<\/div>\r\n\t\t\t<\/div>\r\n\t\t\t<\/section> <!-- END NOTICIAS DOBLE -->\n\n\r\n<section id=\"datosLaboratorio\" class=\"section section__datosLaboratorio v2\"> <!-- DATOS LABORATORIO -->\r\n\t<div class=\"container\">\r\n\t\t<div class=\"grid whiteColor animate-in-down\">\r\n\t\t\t\t\t\t\t<div style=\"background-color: #25b0bb\">\r\n\t\t\t\t\t<span class=\"fs fs55 fw fw400 number\">\r\n\t\t\t\t\t\tAtrys es equipo\t\t\t\t\t<\/span>\r\n\t\t\t\t\t<p class=\"fs fs20 fw fw100\">\r\n\t\t\t\t\t\tCompartimos valores, estamos comprometidos y somos innovadores\t\t\t\t\t<\/p>\r\n\t\t\t\t<\/div>\r\n\t\t\t\t\t\t\t<div style=\"background-color: #4680ae\">\r\n\t\t\t\t\t<span class=\"fs fs55 fw fw400 number\">\r\n\t\t\t\t\t\t+20 a\u00f1os de experiencia\t\t\t\t\t<\/span>\r\n\t\t\t\t\t<p class=\"fs fs20 fw fw100\">\r\n\t\t\t\t\t\tNuestro crecimiento se fundamenta en la larga trayectoria de nuestros profesionales\t\t\t\t\t<\/p>\r\n\t\t\t\t<\/div>\r\n\t\t\t\t\t\t\t<div style=\"background-color: #187770\">\r\n\t\t\t\t\t<span class=\"fs fs55 fw fw400 number\">\r\n\t\t\t\t\t\t+ 700 <br> profesionales\t\t\t\t\t<\/span>\r\n\t\t\t\t\t<p class=\"fs fs20 fw fw100\">\r\n\t\t\t\t\t\tSeguimos creciendo d\u00eda a d\u00eda, sumando nuevos perfiles que comparten una vocaci\u00f3n\t\t\t\t\t<\/p>\r\n\t\t\t\t<\/div>\r\n\t\t\t\t\t\t\t<div style=\"background-color: #05a78b\">\r\n\t\t\t\t\t<span class=\"fs fs55 fw fw400 number\">\r\n\t\t\t\t\t\t90% formados en salud\t\t\t\t\t<\/span>\r\n\t\t\t\t\t<p class=\"fs fs20 fw fw100\">\r\n\t\t\t\t\t\tEstamos altamente especializados en lo que hacemos: si nos apasiona lo que hacemos es porque lo conocemos\t\t\t\t\t<\/p>\r\n\t\t\t\t<\/div>\r\n\t\t\t\t\t\t<!-- <div class=\"blueColor2Bg\">\r\n\t\t\t\t<span class=\"fs fs55 fw fw400 number\">+20 a\u00f1os de experiencia<\/span>\r\n\t\t\t\t<p class=\"fs fs20 fw fw100\">Nuestro crecimiento se fundamenta en la larga trayectoria de nuestros profesionales<\/p>\r\n\t\t\t<\/div>\r\n\t\t\t<div class=\"greenColorBg\">\r\n\t\t\t\t<span class=\"fs fs55 fw fw400 number\">2.500 <br> profesionales<\/span>\r\n\t\t\t\t<p class=\"fs fs20 fw fw100\">Seguimos creciendo d\u00eda a d\u00eda, sumando nuevos perfiles que comparten una vocaci\u00f3n<\/p>\r\n\t\t\t<\/div>\r\n\t\t\t<div class=\"greenColorBg\">\r\n\t\t\t\t<span class=\"fs fs55 fw fw400 number\">90% de formaci\u00f3n en salud<\/span>\r\n\t\t\t\t<p class=\"fs fs20 fw fw100\">Estamos altamente especializados en lo que hacemos: si nos apasiona lo que hacemos es porque lo conocemosa<\/p>\r\n\t\t\t<\/div> -->\r\n\t\t<\/div>\r\n\t<\/div>\r\n<\/section> <!-- END DATOS LABORATORIO -->\r\n\r\n\n\n\r\n<section id=\"noticiasDoble\" class=\"section section__noticiasDoble\">\r\n\t<!-- NOTICIAS DOBLE -->\r\n\t\t\t\t\t\t<div class=\"container\">\r\n\t\t\t\t<div class=\"mask animate-in-left\">\r\n\t\t\t\t\t\t\t\t\t\t\t\t\t\t\t\t\t\t<img decoding=\"async\" src=\"https:\/\/www.atryshealth.com\/wp-content\/uploads\/2021\/09\/Futuro-profesional.jpg\" alt=\"\">\r\n\t\t\t\t\t\t\t\t\t\t\t\t\t\t\t<\/div>\r\n\r\n\t\t\t\t<div class=\"box box__text animate-in-right\">\r\n\t\t\t\t\t\t\t\t\t\t\t<h2 class=\"fs fs55 fw fw500 blueColor\">\r\n\t\t\t\t\t\t\t\t\t\t\t\t\t\t\tTu futuro desarrollo profesional\t\t\t\t\t\t\t\t\t\t\t\t\t<\/h2>\r\n\t\t\t\t\t\r\n\t\t\t\t\t\t\t\t\t\t\t<div class=\"separator separator__20\"><\/div>\r\n\t\t\t\t\t\t<div class=\"fs fs20 fw fw100 content-with-p\"><p>Son las personas las que damos sentido a la tecnolog\u00eda, para hacer posible una compa\u00f1\u00eda de salud innovadora y responsable.<br \/>\nDise\u00f1a tu carrera con nosotros, contando con el respaldo de una compa\u00f1\u00eda que crece junto a sus profesionales.<\/p>\n<\/div>\r\n\t\t\t\t\t\r\n\r\n\t\t\t\t\t\r\n\r\n\r\n\t\t\t\t\t\r\n\t\t\t\t<\/div>\r\n\t\t\t<\/div>\r\n\t\t\t\t\t\t\t\t<div class=\"container\">\r\n\t\t\t\t<div class=\"box box__text animate-in-left\">\r\n\t\t\t\t\t\t\t\t\t\t\t<h2 class=\"fs fs55 fw fw500 blueColor\">\r\n\t\t\t\t\t\t\t\t\t\t\t\t\t\t\tDiversidad, igualdad e inclusi\u00f3n\t\t\t\t\t\t\t\t\t\t\t\t\t<\/h2>\r\n\t\t\t\t\t\r\n\t\t\t\t\t\t\t\t\t\t\t<div class=\"separator separator__20\"><\/div>\r\n\t\t\t\t\t\t<div class=\"fs fs20 fw fw100 content-with-p\"><p>En Atrys apostamos por la igual de oportunidades para asegurar un crecimiento profesional sin discriminaci\u00f3n por raz\u00f3n de sexo, origen, cultura u orientaci\u00f3n sexual.<br \/>\nFavorecemos la conciliaci\u00f3n para todos los miembros de nuestro equipo.<\/p>\n<\/div>\r\n\t\t\t\t\t\r\n\t\t\t\t\t\t\t\t\t<\/div>\r\n\r\n\t\t\t\t<div class=\"mask animate-in-right\">\r\n\t\t\t\t\t\t\t\t\t\t\t\t\t\t\t\t\t\t<img decoding=\"async\" src=\"https:\/\/www.atryshealth.com\/wp-content\/uploads\/2023\/05\/empleados-4.jpg\" alt=\"\">\r\n\t\t\t\t\t\t\t\t\t\t\t\t\t\t\t<\/div>\r\n\t\t\t<\/div>\r\n\t\t\t<\/section> <!-- END NOTICIAS DOBLE -->\n\n<pre><\/pre>\n\n\n\r\n<input type=\"hidden\" id=\"info-section__moduloCirculos\" data-pos-active=\"1\" data-total-pos=\"3\">\r\n\r\n<section id=\"moduloCirculos\" class=\"section section__moduloCirculos section__borderBottom section__moduloCirculos__noBolillos \" > <!-- HACEMOS POR TI -->\r\n\t<div class=\"bg-mobile\" style=\"background-image: url(https:\/\/www.atryshealth.com\/wp-content\/uploads\/2021\/09\/bgBolasHomeMobile.png)\"><\/div>\r\n\t\t<div class=\"container\" >\r\n\t\t\t<div class=\"box box__menu\" >\r\n\t\t\t\t<div class=\"text\" >\r\n\t\t\t\t\t<h2 class=\"fs fs55 fw fw500 blueColor\" ><p>Explorar<br \/>\nm\u00e1s de Atrys<\/p>\n<\/h2>\r\n\t\t\t\t<\/div>\r\n\t\t\t\t<div class=\"separator separator__40\" ><\/div>\r\n\t\t\t\t<ul class=\"fs fs20 fw fw500 menuCirculillos\" >\r\n\t\t\t\t\t\t\t\t\t\t\t<li class=\"itemMenuCirculillos__1 active\" data-pos=\"1\" >Qui\u00e9nes somos<\/li>\r\n\t\t\t\t\t\t\t\t\t\t\t<li class=\"itemMenuCirculillos__2 \" data-pos=\"2\" >D\u00f3nde estamos<\/li>\r\n\t\t\t\t\t\t\t\t\t\t\t<li class=\"itemMenuCirculillos__3 \" data-pos=\"3\" >I + D<\/li>\r\n\t\t\t\t\t\t\t\t\t<\/ul>\r\n\t\t\t<\/div>\r\n\t\t\t<div class=\"module\" >\r\n\t\t\t\t<div class=\"imgText\" >\r\n\t\t\t\t\t\t\t\t\t\t\t\t\t\t\t\t\t\t<img decoding=\"async\" class=\"big-img active\" data-pos=\"1\" src=\"https:\/\/www.atryshealth.com\/wp-content\/uploads\/2025\/11\/diseno-sin-titulo-2.png\" alt=\"\" >\r\n\t\t\t\t\t\t\t\t\t\t\t\t\t\t\t\t\t\t\t\t\t\t\t\t<img decoding=\"async\" class=\"big-img \" data-pos=\"2\" src=\"https:\/\/www.atryshealth.com\/wp-content\/uploads\/2021\/10\/Que-hacemos-Donde-estamos.png\" alt=\"\" >\r\n\t\t\t\t\t\t\t\t\t\t\t\t\t\t\t\t\t\t\t\t\t\t\t\t<img decoding=\"async\" class=\"big-img \" data-pos=\"3\" src=\"https:\/\/www.atryshealth.com\/wp-content\/uploads\/2021\/10\/Que-hacemos-ID.png\" alt=\"\" >\r\n\t\t\t\t\t\t\t\t\t\t\t\t\t\t\t\t<div class=\"textBolillas\" >\r\n\t\t\t\t\t\t<div class=\"pseudoSelect\" >\r\n\t\t\t\t\t\t\t<div class=\"pseudoSelect__title\" >\r\n\t\t\t\t\t\t\t\t<span class=\"fs fs28 blueLightColor\" >Informaci\u00f3n para<\/span>\r\n\t\t\t\t\t\t\t\t<svg viewBox=\"0 0 25 14\" >\r\n\t\t\t\t\t\t\t\t    <g id=\"ATRYS\" stroke=\"none\" stroke-width=\"1\" fill=\"none\" fill-rule=\"evenodd\">\r\n\t\t\t\t\t\t\t\t        <g id=\"2.2-I+D\" transform=\"translate(-851.000000, -1455.000000)\" fill=\"#044AAB\">\r\n\t\t\t\t\t\t\t\t            <g id=\"Lines_Investigaci\u00f3n\" transform=\"translate(409.000000, 1354.000000)\">\r\n\t\t\t\t\t\t\t\t                <g id=\"Group-4\" transform=\"translate(156.000000, 84.000000)\">\r\n\t\t\t\t\t\t\t\t                    <polygon id=\"Path-Copy\" transform=\"translate(298.622987, 24.000000) scale(-1, 1) rotate(-90.000000) translate(-298.622987, -24.000000) \" points=\"294.491949 24 305.245975 34.7540255 304 36 292 24 304 12 305.245975 13.2459745\"><\/polygon>\r\n\t\t\t\t\t\t\t\t                <\/g>\r\n\t\t\t\t\t\t\t\t            <\/g>\r\n\t\t\t\t\t\t\t\t        <\/g>\r\n\t\t\t\t\t\t\t\t    <\/g>\r\n\t\t\t\t\t\t\t\t<\/svg>\r\n\t\t\t\t\t\t\t<\/div>\r\n\t\t\t\t\t\t\t<div class=\"pseudoSelect__content\" >\r\n\r\n\t\t\t\t\t\t\t\t\t\t\t\t\t\t\t\t\t<h3 class=\"fs fs28 fw fw500 blueColor pseudoSelect_item pseudoSelect__content__1 active\" data-pos=\"1\" >Qui\u00e9nes somos<\/h3>\r\n\t\t\t\t\t\t\t\t\t\t\t\t\t\t\t\t\t<h3 class=\"fs fs28 fw fw500 blueColor pseudoSelect_item pseudoSelect__content__2 \" data-pos=\"2\" >D\u00f3nde estamos<\/h3>\r\n\t\t\t\t\t\t\t\t\t\t\t\t\t\t\t\t\t<h3 class=\"fs fs28 fw fw500 blueColor pseudoSelect_item pseudoSelect__content__3 \" data-pos=\"3\" >I + D<\/h3>\r\n\t\t\t\t\t\t\t\t\r\n\t\t\t\t\t\t\t\t<!-- <h3 class=\"fs fs28 fw fw500 blueColor pseudoSelect__content__1\" >Pacientes<\/h3>\r\n\t\t\t\t\t\t\t\t<h3 class=\"fs fs28 fw fw500 blueColor pseudoSelect__content__2\" >Empresas<\/h3>\r\n\t\t\t\t\t\t\t\t<h3 class=\"fs fs28 fw fw500 blueColor pseudoSelect__content__3\" >Nuestro I+D<\/h3> -->\r\n\t\t\t\t\t\t\t<\/div>\r\n\t\t\t\t\t\t<\/div>\r\n\t\t\t\t\t\t<div class=\"tituloSelect\" >\r\n\t\t\t\t\t\t\t\t\t\t\t\t\t\t\t<div class=\"tituloSelect__item tituloSelect__item__1 active\" data-pos=\"1\" >\r\n\t\t\t\t\t\t\t\t\t<span class=\"fs fs28 blueLightColor\" >Informaci\u00f3n para<\/span>\r\n\t\t\t\t\t\t\t\t\t<h3 class=\"fs fs55 fw fw500 whiteColor\" >Qui\u00e9nes somos<\/h3>\r\n\t\t\t\t\t\t\t\t<\/div>\r\n\t\t\t\t\t\t\t\t\t\t\t\t\t\t\t<div class=\"tituloSelect__item tituloSelect__item__2 \" data-pos=\"2\" >\r\n\t\t\t\t\t\t\t\t\t<span class=\"fs fs28 blueLightColor\" >Informaci\u00f3n para<\/span>\r\n\t\t\t\t\t\t\t\t\t<h3 class=\"fs fs55 fw fw500 whiteColor\" >D\u00f3nde estamos<\/h3>\r\n\t\t\t\t\t\t\t\t<\/div>\r\n\t\t\t\t\t\t\t\t\t\t\t\t\t\t\t<div class=\"tituloSelect__item tituloSelect__item__3 \" data-pos=\"3\" >\r\n\t\t\t\t\t\t\t\t\t<span class=\"fs fs28 blueLightColor\" >Informaci\u00f3n para<\/span>\r\n\t\t\t\t\t\t\t\t\t<h3 class=\"fs fs55 fw fw500 whiteColor\" >I + D<\/h3>\r\n\t\t\t\t\t\t\t\t<\/div>\r\n\t\t\t\t\t\t\t\t\t\t\t\t\t<\/div>\r\n\t\t\t\t\t\t\t\t\t\t\t\t\t<div class=\"content-text text text__1 active\" data-pos=\"1\" data-color=\"#044aab\" >\r\n\t\t\t\t\t\t\t\t<div class=\"separator separator__20\" ><\/div>\r\n\t\t\t\t\t\t\t\t<p class=\"fs fs20 fw fw600 whiteColor\" ><\/p>\r\n\t\t\t\t\t\t\t\t<div class=\"separator separator__10\" ><\/div>\r\n\t\t\t\t\t\t\t\t<p class=\"fs fs20 fw fw100 whiteColor\" >Conoce a nuestro equipo, integrado por los mejores profesionales de cada \u00e1rea.<\/p>\r\n\t\t\t\t\t\t\t\t<div class=\"separator separator__30\" ><\/div>\r\n\t\t\t\t\t\t\t\t<a class=\"fs fs16 fw fw500 button button__small button__white uppercase\" href=\"https:\/\/atryshealth.com\/equipo\/\" title=\"SABER M\u00c1S\" target=\"\" >SABER M\u00c1S<\/a>\r\n\t\t\t\t\t\t\t<\/div>\r\n\t\t\t\t\t\t\t\t\t\t\t\t\t<div class=\"content-text text text__2 \" data-pos=\"2\" data-color=\"#2a84d3\" >\r\n\t\t\t\t\t\t\t\t<div class=\"separator separator__20\" ><\/div>\r\n\t\t\t\t\t\t\t\t<p class=\"fs fs20 fw fw600 whiteColor\" ><\/p>\r\n\t\t\t\t\t\t\t\t<div class=\"separator separator__10\" ><\/div>\r\n\t\t\t\t\t\t\t\t<p class=\"fs fs20 fw fw100 whiteColor\" >Conoce nuestros centros y laboratorios, repartidos por seis pa\u00edses de Am\u00e9rica Latina y Europa.<\/p>\r\n\t\t\t\t\t\t\t\t<div class=\"separator separator__30\" ><\/div>\r\n\t\t\t\t\t\t\t\t<a class=\"fs fs16 fw fw500 button button__small button__white uppercase\" href=\"https:\/\/atryshealth.com\/en-el-mundo\/\" title=\"SABER M\u00c1S\" target=\"\" >SABER M\u00c1S<\/a>\r\n\t\t\t\t\t\t\t<\/div>\r\n\t\t\t\t\t\t\t\t\t\t\t\t\t<div class=\"content-text text text__3 \" data-pos=\"3\" data-color=\"#187770\" >\r\n\t\t\t\t\t\t\t\t<div class=\"separator separator__20\" ><\/div>\r\n\t\t\t\t\t\t\t\t<p class=\"fs fs20 fw fw600 whiteColor\" ><\/p>\r\n\t\t\t\t\t\t\t\t<div class=\"separator separator__10\" ><\/div>\r\n\t\t\t\t\t\t\t\t<p class=\"fs fs20 fw fw100 whiteColor\" >Descubre nuestros principales proyectos de investigaci\u00f3n, y consulta los art\u00edculos cient\u00edficos y patentes publicados.<\/p>\r\n\t\t\t\t\t\t\t\t<div class=\"separator separator__30\" ><\/div>\r\n\t\t\t\t\t\t\t\t<a class=\"fs fs16 fw fw500 button button__small button__white uppercase\" href=\"https:\/\/atryshealth.com\/id\/\" title=\"SABER M\u00c1S\" target=\"\" >SABER M\u00c1S<\/a>\r\n\t\t\t\t\t\t\t<\/div>\r\n\t\t\t\t\t\t\t\t\t\t\t\t\t\t\t\t\t<\/div>\r\n\t\t\t\t<\/div>\r\n\t\t\t\t<div class=\"cover cover__buttons modified\">\r\n\t\t\t\t\t<img decoding=\"async\" class=\"arrow arrow__1\" src=\"https:\/\/www.atryshealth.com\/wp-content\/themes\/atrys\/assets\/img\/arrowBlueSlide.svg\">\r\n\t\t\t\t\t<img decoding=\"async\" class=\"arrow arrow__2\" src=\"https:\/\/www.atryshealth.com\/wp-content\/themes\/atrys\/assets\/img\/arrowBlue.svg\">\r\n\t\t\t\t<\/div>\r\n\t\t\t<\/div>\r\n\t\t<\/div>\r\n\t<\/section> <!-- END HACEMOS POR TI -->\n\n","protected":false},"excerpt":{"rendered":"","protected":false},"author":33,"featured_media":0,"parent":0,"menu_order":40,"comment_status":"closed","ping_status":"closed","template":"template-pages\/template-generic-page.php","meta":{"_acf_changed":false,"footnotes":""},"class_list":["post-2523","page","type-page","status-publish","hentry"],"acf":[],"yoast_head":"<!-- This site is optimized with the Yoast SEO plugin v27.4 - https:\/\/yoast.com\/product\/yoast-seo-wordpress\/ -->\n<title>Empleados - Atrys Health<\/title>\n<meta name=\"description\" content=\"Somos una gran compa\u00f1\u00eda. Creamos nuevas soluciones para los pacientes y el sector sanitario. Miles de profesionales de Atrys ponemos nuestra experiencia al servicio de todos, para ofrecer diagn\u00f3sticos y tratamientos de precisi\u00f3n.\" \/>\n<meta name=\"robots\" content=\"index, follow, max-snippet:-1, max-image-preview:large, max-video-preview:-1\" \/>\n<link rel=\"canonical\" href=\"https:\/\/www.atryshealth.com\/es\/empleados\/\" \/>\n<meta property=\"og:locale\" content=\"es_ES\" \/>\n<meta property=\"og:type\" content=\"article\" \/>\n<meta property=\"og:title\" content=\"Empleados - Atrys Health\" \/>\n<meta property=\"og:description\" content=\"Somos una gran compa\u00f1\u00eda. Creamos nuevas soluciones para los pacientes y el sector sanitario. Miles de profesionales de Atrys ponemos nuestra experiencia al servicio de todos, para ofrecer diagn\u00f3sticos y tratamientos de precisi\u00f3n.\" \/>\n<meta property=\"og:url\" content=\"https:\/\/www.atryshealth.com\/es\/empleados\/\" \/>\n<meta property=\"og:site_name\" content=\"Atrys Health\" \/>\n<meta property=\"article:modified_time\" content=\"2026-05-11T13:22:55+00:00\" \/>\n<meta property=\"og:image\" content=\"https:\/\/www.atryshealth.com\/wp-content\/uploads\/2021\/12\/atrys-logo-probar-web.png\" \/>\n\t<meta property=\"og:image:width\" content=\"1563\" \/>\n\t<meta property=\"og:image:height\" content=\"1014\" \/>\n\t<meta property=\"og:image:type\" content=\"image\/png\" \/>\n<meta name=\"twitter:card\" content=\"summary_large_image\" \/>\n<meta name=\"twitter:site\" content=\"@Atrys_Health\" \/>\n<script type=\"application\/ld+json\" class=\"yoast-schema-graph\">{\"@context\":\"https:\\\/\\\/schema.org\",\"@graph\":[{\"@type\":\"WebPage\",\"@id\":\"https:\\\/\\\/www.atryshealth.com\\\/es\\\/empleados\\\/\",\"url\":\"https:\\\/\\\/www.atryshealth.com\\\/es\\\/empleados\\\/\",\"name\":\"Empleados - Atrys Health\",\"isPartOf\":{\"@id\":\"https:\\\/\\\/www.atryshealth.com\\\/es\\\/#website\"},\"datePublished\":\"2021-09-20T07:48:19+00:00\",\"dateModified\":\"2026-05-11T13:22:55+00:00\",\"description\":\"Somos una gran compa\u00f1\u00eda. Creamos nuevas soluciones para los pacientes y el sector sanitario. Miles de profesionales de Atrys ponemos nuestra experiencia al servicio de todos, para ofrecer diagn\u00f3sticos y tratamientos de precisi\u00f3n.\",\"breadcrumb\":{\"@id\":\"https:\\\/\\\/www.atryshealth.com\\\/es\\\/empleados\\\/#breadcrumb\"},\"inLanguage\":\"es\",\"potentialAction\":[{\"@type\":\"ReadAction\",\"target\":[\"https:\\\/\\\/www.atryshealth.com\\\/es\\\/empleados\\\/\"]}]},{\"@type\":\"BreadcrumbList\",\"@id\":\"https:\\\/\\\/www.atryshealth.com\\\/es\\\/empleados\\\/#breadcrumb\",\"itemListElement\":[{\"@type\":\"ListItem\",\"position\":1,\"name\":\"Portada\",\"item\":\"https:\\\/\\\/www.atryshealth.com\\\/es\\\/\"},{\"@type\":\"ListItem\",\"position\":2,\"name\":\"Empleados\"}]},{\"@type\":\"WebSite\",\"@id\":\"https:\\\/\\\/www.atryshealth.com\\\/es\\\/#website\",\"url\":\"https:\\\/\\\/www.atryshealth.com\\\/es\\\/\",\"name\":\"Atrys Health\",\"description\":\"\",\"publisher\":{\"@id\":\"https:\\\/\\\/www.atryshealth.com\\\/es\\\/#organization\"},\"potentialAction\":[{\"@type\":\"SearchAction\",\"target\":{\"@type\":\"EntryPoint\",\"urlTemplate\":\"https:\\\/\\\/www.atryshealth.com\\\/es\\\/?s={search_term_string}\"},\"query-input\":{\"@type\":\"PropertyValueSpecification\",\"valueRequired\":true,\"valueName\":\"search_term_string\"}}],\"inLanguage\":\"es\"},{\"@type\":\"Organization\",\"@id\":\"https:\\\/\\\/www.atryshealth.com\\\/es\\\/#organization\",\"name\":\"Atrys Health S.A.\",\"url\":\"https:\\\/\\\/www.atryshealth.com\\\/es\\\/\",\"logo\":{\"@type\":\"ImageObject\",\"inLanguage\":\"es\",\"@id\":\"https:\\\/\\\/www.atryshealth.com\\\/es\\\/#\\\/schema\\\/logo\\\/image\\\/\",\"url\":\"https:\\\/\\\/www.atryshealth.com\\\/wp-content\\\/uploads\\\/2021\\\/12\\\/atrys-logo-probar-web.png\",\"contentUrl\":\"https:\\\/\\\/www.atryshealth.com\\\/wp-content\\\/uploads\\\/2021\\\/12\\\/atrys-logo-probar-web.png\",\"width\":1563,\"height\":1014,\"caption\":\"Atrys Health S.A.\"},\"image\":{\"@id\":\"https:\\\/\\\/www.atryshealth.com\\\/es\\\/#\\\/schema\\\/logo\\\/image\\\/\"},\"sameAs\":[\"https:\\\/\\\/x.com\\\/Atrys_Health\",\"https:\\\/\\\/es.linkedin.com\\\/company\\\/atrys-health\",\"https:\\\/\\\/www.youtube.com\\\/channel\\\/UCejhA_ghBXRG1xoe9HB9pEw\"]}]}<\/script>\n<!-- \/ Yoast SEO plugin. -->","yoast_head_json":{"title":"Empleados - Atrys Health","description":"Somos una gran compa\u00f1\u00eda. Creamos nuevas soluciones para los pacientes y el sector sanitario. Miles de profesionales de Atrys ponemos nuestra experiencia al servicio de todos, para ofrecer diagn\u00f3sticos y tratamientos de precisi\u00f3n.","robots":{"index":"index","follow":"follow","max-snippet":"max-snippet:-1","max-image-preview":"max-image-preview:large","max-video-preview":"max-video-preview:-1"},"canonical":"https:\/\/www.atryshealth.com\/es\/empleados\/","og_locale":"es_ES","og_type":"article","og_title":"Empleados - Atrys Health","og_description":"Somos una gran compa\u00f1\u00eda. Creamos nuevas soluciones para los pacientes y el sector sanitario. Miles de profesionales de Atrys ponemos nuestra experiencia al servicio de todos, para ofrecer diagn\u00f3sticos y tratamientos de precisi\u00f3n.","og_url":"https:\/\/www.atryshealth.com\/es\/empleados\/","og_site_name":"Atrys Health","article_modified_time":"2026-05-11T13:22:55+00:00","og_image":[{"width":1563,"height":1014,"url":"https:\/\/www.atryshealth.com\/wp-content\/uploads\/2021\/12\/atrys-logo-probar-web.png","type":"image\/png"}],"twitter_card":"summary_large_image","twitter_site":"@Atrys_Health","schema":{"@context":"https:\/\/schema.org","@graph":[{"@type":"WebPage","@id":"https:\/\/www.atryshealth.com\/es\/empleados\/","url":"https:\/\/www.atryshealth.com\/es\/empleados\/","name":"Empleados - Atrys Health","isPartOf":{"@id":"https:\/\/www.atryshealth.com\/es\/#website"},"datePublished":"2021-09-20T07:48:19+00:00","dateModified":"2026-05-11T13:22:55+00:00","description":"Somos una gran compa\u00f1\u00eda. Creamos nuevas soluciones para los pacientes y el sector sanitario. Miles de profesionales de Atrys ponemos nuestra experiencia al servicio de todos, para ofrecer diagn\u00f3sticos y tratamientos de precisi\u00f3n.","breadcrumb":{"@id":"https:\/\/www.atryshealth.com\/es\/empleados\/#breadcrumb"},"inLanguage":"es","potentialAction":[{"@type":"ReadAction","target":["https:\/\/www.atryshealth.com\/es\/empleados\/"]}]},{"@type":"BreadcrumbList","@id":"https:\/\/www.atryshealth.com\/es\/empleados\/#breadcrumb","itemListElement":[{"@type":"ListItem","position":1,"name":"Portada","item":"https:\/\/www.atryshealth.com\/es\/"},{"@type":"ListItem","position":2,"name":"Empleados"}]},{"@type":"WebSite","@id":"https:\/\/www.atryshealth.com\/es\/#website","url":"https:\/\/www.atryshealth.com\/es\/","name":"Atrys Health","description":"","publisher":{"@id":"https:\/\/www.atryshealth.com\/es\/#organization"},"potentialAction":[{"@type":"SearchAction","target":{"@type":"EntryPoint","urlTemplate":"https:\/\/www.atryshealth.com\/es\/?s={search_term_string}"},"query-input":{"@type":"PropertyValueSpecification","valueRequired":true,"valueName":"search_term_string"}}],"inLanguage":"es"},{"@type":"Organization","@id":"https:\/\/www.atryshealth.com\/es\/#organization","name":"Atrys Health S.A.","url":"https:\/\/www.atryshealth.com\/es\/","logo":{"@type":"ImageObject","inLanguage":"es","@id":"https:\/\/www.atryshealth.com\/es\/#\/schema\/logo\/image\/","url":"https:\/\/www.atryshealth.com\/wp-content\/uploads\/2021\/12\/atrys-logo-probar-web.png","contentUrl":"https:\/\/www.atryshealth.com\/wp-content\/uploads\/2021\/12\/atrys-logo-probar-web.png","width":1563,"height":1014,"caption":"Atrys Health S.A."},"image":{"@id":"https:\/\/www.atryshealth.com\/es\/#\/schema\/logo\/image\/"},"sameAs":["https:\/\/x.com\/Atrys_Health","https:\/\/es.linkedin.com\/company\/atrys-health","https:\/\/www.youtube.com\/channel\/UCejhA_ghBXRG1xoe9HB9pEw"]}]}},"_links":{"self":[{"href":"https:\/\/www.atryshealth.com\/es\/wp-json\/wp\/v2\/pages\/2523","targetHints":{"allow":["GET"]}}],"collection":[{"href":"https:\/\/www.atryshealth.com\/es\/wp-json\/wp\/v2\/pages"}],"about":[{"href":"https:\/\/www.atryshealth.com\/es\/wp-json\/wp\/v2\/types\/page"}],"author":[{"embeddable":true,"href":"https:\/\/www.atryshealth.com\/es\/wp-json\/wp\/v2\/users\/33"}],"replies":[{"embeddable":true,"href":"https:\/\/www.atryshealth.com\/es\/wp-json\/wp\/v2\/comments?post=2523"}],"version-history":[{"count":11,"href":"https:\/\/www.atryshealth.com\/es\/wp-json\/wp\/v2\/pages\/2523\/revisions"}],"predecessor-version":[{"id":28431,"href":"https:\/\/www.atryshealth.com\/es\/wp-json\/wp\/v2\/pages\/2523\/revisions\/28431"}],"wp:attachment":[{"href":"https:\/\/www.atryshealth.com\/es\/wp-json\/wp\/v2\/media?parent=2523"}],"curies":[{"name":"wp","href":"https:\/\/api.w.org\/{rel}","templated":true}]}}