{"id":1633,"date":"2021-09-16T15:46:31","date_gmt":"2021-09-16T15:46:31","guid":{"rendered":"https:\/\/atryshealth.com\/?page_id=1633"},"modified":"2023-05-18T18:03:29","modified_gmt":"2023-05-18T16:03:29","slug":"sala-de-prensa","status":"publish","type":"page","link":"https:\/\/www.atryshealth.com\/es\/sala-de-prensa\/","title":{"rendered":"Sala de prensa"},"content":{"rendered":"<section id=\"introArticulosPatentes\" class=\"section section__intro section__intro__generic section__intro__salaDePrensa\">\r\n\t<!-- INTRO EN EL MUNDO -->\r\n\t<div class=\"bg-desktop\" style=\"background-image: url(https:\/\/www.atryshealth.com\/wp-content\/uploads\/2021\/10\/Sala-de-prensa.png)\"><\/div>\r\n\t<div class=\"bg-mobile\" style=\"background-image: url(https:\/\/www.atryshealth.com\/wp-content\/uploads\/2021\/10\/Sala-de-prensa-mobile.png)\"><\/div>\r\n\t<div class=\"container\">\r\n\t\t\r\n\t\t<div class=\"box box__text\">\r\n\t\t\t\r\n\t\t\t\r\n\t\t\t\t<h2 class=\"fs fs55 fw fw100 whiteColor\">Sala de prensa<\/h2>\r\n\r\n\t\t\t\t\r\n\t\t\t\r\n\t\t\t<div class=\"separator separator__20\"><\/div>\r\n\t\t\t\t\t\t\t<p class=\"fs fs20 fw fw100 whiteColor\">Si trabajas como periodista, aqu\u00ed encontrar\u00e1s las \u00faltimas novedades de Atrys. Los medios de comunicaci\u00f3n se hacen eco de nuestra actividad.<\/p>\r\n\t\t\t\r\n\t\t\t\t\t\t\t<div class=\"separator separator__20\"><\/div>\r\n\t\t\t\t<div class=\"cover cover__buttons\">\r\n\t\t\t\t\t\t\t\t\t\t\r\n\t\t\t\t\t\t\t\t\t\t\t\t\t<a class=\"fs fs16 fw fw500 button button__small button__green uppercase\" href=\"https:\/\/www.atryshealth.com\/wp-content\/uploads\/2023\/05\/ESP-Presentacion-corporativa-Atrys-18.05.23.pdf\" target=\"_blank\" >descargar<\/a>\r\n\t\t\t\t\t\t\t\t\t\t\t\r\n\t\t\t\t\t\t\t\t\t\t\t\t\t<a class=\"fs fs16 fw fw500 button button__white uppercase\" href=\"https:\/\/atryshealth.com\/contacto-medios\/\" title=\"Contacta\" target=\"\" >contactar<\/a>\r\n\t\t\t\t\t\t\t\t\t\t\t\t\t\t\t<\/div>\r\n\t\t\t\t\t<\/div>\r\n\t<\/div>\r\n<\/section> <!-- END INTRO EN EL MUNDO -->\n\n\n\n\n\n<section id=\"destacadosProyectos\" class=\"section section__destacadosProyectos ff\" > <!-- DESTACADOS -->\n\t<div class=\"container container__header\" >\n\t\t<h2 class=\"fs fs45 fw fw500 blueLightColor title\" >Sala de prensa<\/h2>\n\t\t<div class=\"pseudoSelect\" >\n\t\t\t<div class=\"pseudoSelect__title\" >\n\t\t\t\t<span class=\"fs fs28 blueColor\" ><span class=\"year_notaprensa_title\">2026<\/span> <\/span>\n\t\t\t\t<svg viewBox=\"0 0 25 14\" >\n\t\t\t\t\t<g id=\"ATRYS\" stroke=\"none\" stroke-width=\"1\" fill=\"none\" fill-rule=\"evenodd\">\n\t\t\t\t\t\t<g id=\"2.2-I+D\" transform=\"translate(-851.000000, -1455.000000)\" fill=\"#044AAB\">\n\t\t\t\t\t\t\t<g id=\"Lines_Investigaci\u00f3n\" transform=\"translate(409.000000, 1354.000000)\">\n\t\t\t\t\t\t\t\t<g id=\"Group-4\" transform=\"translate(156.000000, 84.000000)\">\n\t\t\t\t\t\t\t\t\t<polygon id=\"Path-Copy\" transform=\"translate(298.622987, 24.000000) scale(-1, 1) rotate(-90.000000) translate(-298.622987, -24.000000) \" points=\"294.491949 24 305.245975 34.7540255 304 36 292 24 304 12 305.245975 13.2459745\"><\/polygon>\n\t\t\t\t\t\t\t\t<\/g>\n\t\t\t\t\t\t\t<\/g>\n\t\t\t\t\t\t<\/g>\n\t\t\t\t\t<\/g>\n\t\t\t\t<\/svg>\n\t\t\t<\/div>\n\t\t\t<div class=\"pseudoSelect__content\" >\n\t\t\t\t\t\t\t\t\t<h3 class=\"fs fs20 fw fw500 blueColor selector_year_notaprensa_item\" data-year=\"2026\" >2026<\/h3>\n\t\t\t\t\t\t\t\t\t<h3 class=\"fs fs20 fw fw500 blueColor selector_year_notaprensa_item\" data-year=\"2025\" >2025<\/h3>\n\t\t\t\t\t\t\t\t\t<h3 class=\"fs fs20 fw fw500 blueColor selector_year_notaprensa_item\" data-year=\"2024\" >2024<\/h3>\n\t\t\t\t\t\t\t\t\t<h3 class=\"fs fs20 fw fw500 blueColor selector_year_notaprensa_item\" data-year=\"2023\" >2023<\/h3>\n\t\t\t\t\t\t\t\t\t<h3 class=\"fs fs20 fw fw500 blueColor selector_year_notaprensa_item\" data-year=\"2022\" >2022<\/h3>\n\t\t\t\t\t\t\t\t\t<h3 class=\"fs fs20 fw fw500 blueColor selector_year_notaprensa_item\" data-year=\"2021\" >2021<\/h3>\n\t\t\t\t\t\t\t\t\t<h3 class=\"fs fs20 fw fw500 blueColor selector_year_notaprensa_item\" data-year=\"2020\" >2020<\/h3>\n\t\t\t\t\t\t\t\t\t<h3 class=\"fs fs20 fw fw500 blueColor selector_year_notaprensa_item\" data-year=\"2019\" >2019<\/h3>\n\t\t\t\t\t\t\t\t\t<h3 class=\"fs fs20 fw fw500 blueColor selector_year_notaprensa_item\" data-year=\"2018\" >2018<\/h3>\n\t\t\t\t\t\t\t\t\t<h3 class=\"fs fs20 fw fw500 blueColor selector_year_notaprensa_item\" data-year=\"2017\" >2017<\/h3>\n\t\t\t\t\t\t\t\t\t<h3 class=\"fs fs20 fw fw500 blueColor selector_year_notaprensa_item\" data-year=\"2016\" >2016<\/h3>\n\t\t\t\t\t\t\t\t\t<h3 class=\"fs fs20 fw fw500 blueColor selector_year_notaprensa_item\" data-year=\"2015\" >2015<\/h3>\n\t\t\t\t\t\t\t\t\t<h3 class=\"fs fs20 fw fw500 blueColor selector_year_notaprensa_item\" data-year=\"2014\" >2014<\/h3>\n\t\t\t\t\t\t\t\t\t<h3 class=\"fs fs20 fw fw500 blueColor selector_year_notaprensa_item\" data-year=\"2013\" >2013<\/h3>\n\t\t\t\t\t\t\t\t\n\t\t\t<\/div>\n\t\t<\/div>\n\t<\/div>\n\t<div class=\"container flex flex__between flex__align__center\" >\n\t\t<ul class=\"grid grid_notas_prensa_page\" >\n\t\t\t\t\t\t \t\t\t\t\t\t\t\t\t\t\t\t<li>\n\t\t\t\t\t\t\t\t\t\t\t\t\t\t<div class=\"text\" >\n\t\t\t\t\t\t\t\t<a class=\"fs fs16 fw fw500 Din blueLightColor\" >05\/05\/2026<\/a>\n\t\t\t\t\t\t\t\t<div class=\"separator separator__20\" ><\/div>\n\t\t\t\t\t\t\t\t<h3 class=\"fs fs28 fw fw500 blueColor\" ><a href=\"https:\/\/www.atryshealth.com\/es\/nota-de-prensa\/atrys-refuerza-su-comite-ejecutivo-con-la-incorporacion-de-alberto-iriondo-como-nuevo-cfo\/\" title=\"noticia1\" >Atrys refuerza su Comit\u00e9 Ejecutivo con la incorporaci\u00f3n de Alberto Iriondo como nuevo CFO<\/a><\/h3>\n\t\t\t\t\t\t\t\t<div class=\"separator separator__20\" ><\/div>\n\t\t\t\t\t\t\t\t<p class=\"fs fs16 fw fw100\">Atrys Health, empresa m\u00e9dica especializada en servicios asistenciales de telediagn\u00f3stico, oncolog\u00eda, anatom\u00eda patol\u00f3gica y medicina nuclear,&#8230;<\/p>\n\t\t\t\t\t\t\t\t<div class=\"links_nota_item_grid\">\n\t\t\t\t\t\t\t\t\t<a class=\"fs fs16 fw fw500 Din blueLightColor\" href=\"https:\/\/www.atryshealth.com\/es\/nota-de-prensa\/atrys-refuerza-su-comite-ejecutivo-con-la-incorporacion-de-alberto-iriondo-como-nuevo-cfo\/\" >Leer m\u00e1s<\/a> \n\t\t\t\t\t\t\t\t\t\t\t\t\t\t\t\t\t<\/div>\n\t\t\t\t\t\t\t<\/div>\n\t\t\t\t\t\t<\/li>\n\t\t\t\t\t\t\t\t\t\t\t\t\t\t\t \t\t\t\t\t\t\t\t\t\t\t\t<li>\n\t\t\t\t\t\t\t\t\t\t\t\t\t\t<div class=\"text\" >\n\t\t\t\t\t\t\t\t<a class=\"fs fs16 fw fw500 Din blueLightColor\" >13\/04\/2026<\/a>\n\t\t\t\t\t\t\t\t<div class=\"separator separator__20\" ><\/div>\n\t\t\t\t\t\t\t\t<h3 class=\"fs fs28 fw fw500 blueColor\" ><a href=\"https:\/\/www.atryshealth.com\/es\/nota-de-prensa\/atrys-participa-en-un-proyecto-financiado-con-219-millones-para-impulsar-la-deteccion-precoz-de-patologias-neurologicas-en-urgencias-mediante-inteligencia-artificial\/\" title=\"noticia1\" >Atrys participa en un proyecto financiado con 2,19 millones para impulsar la detecci\u00f3n precoz de patolog\u00edas neurol\u00f3gicas en urgencias mediante inteligencia artificial<\/a><\/h3>\n\t\t\t\t\t\t\t\t<div class=\"separator separator__20\" ><\/div>\n\t\t\t\t\t\t\t\t<p class=\"fs fs16 fw fw100\">Atrys participa en el proyecto Neuro\u2011rescate, una iniciativa de investigaci\u00f3n aplicada que combina inteligencia artificial y telemedicina para&#8230;<\/p>\n\t\t\t\t\t\t\t\t<div class=\"links_nota_item_grid\">\n\t\t\t\t\t\t\t\t\t<a class=\"fs fs16 fw fw500 Din blueLightColor\" href=\"https:\/\/www.atryshealth.com\/es\/nota-de-prensa\/atrys-participa-en-un-proyecto-financiado-con-219-millones-para-impulsar-la-deteccion-precoz-de-patologias-neurologicas-en-urgencias-mediante-inteligencia-artificial\/\" >Leer m\u00e1s<\/a> \n\t\t\t\t\t\t\t\t\t\t\t\t\t\t\t\t\t<\/div>\n\t\t\t\t\t\t\t<\/div>\n\t\t\t\t\t\t<\/li>\n\t\t\t\t\t\t\t\t\t\t\t\t\t\t\t \t\t\t\t\t\t\t\t\t\t\t\t<li>\n\t\t\t\t\t\t\t\t\t\t\t\t\t\t<div class=\"text\" >\n\t\t\t\t\t\t\t\t<a class=\"fs fs16 fw fw500 Din blueLightColor\" >31\/03\/2026<\/a>\n\t\t\t\t\t\t\t\t<div class=\"separator separator__20\" ><\/div>\n\t\t\t\t\t\t\t\t<h3 class=\"fs fs28 fw fw500 blueColor\" ><a href=\"https:\/\/www.atryshealth.com\/es\/nota-de-prensa\/atrys-ingresa-141-millones-de-euros-en-2025-un-85-mas\/\" title=\"noticia1\" >Atrys ingresa 141 millones de euros en 2025, un 8,5% m\u00e1s, y fortalece su estructura financiera tras la desinversi\u00f3n de ASPY<\/a><\/h3>\n\t\t\t\t\t\t\t\t<div class=\"separator separator__20\" ><\/div>\n\t\t\t\t\t\t\t\t<p class=\"fs fs16 fw fw100\">Atrys, empresa m\u00e9dica especializada en servicios asistenciales de telediagn\u00f3stico, oncolog\u00eda, anatom\u00eda patol\u00f3gica y medicina nuclear, ha&#8230;<\/p>\n\t\t\t\t\t\t\t\t<div class=\"links_nota_item_grid\">\n\t\t\t\t\t\t\t\t\t<a class=\"fs fs16 fw fw500 Din blueLightColor\" href=\"https:\/\/www.atryshealth.com\/es\/nota-de-prensa\/atrys-ingresa-141-millones-de-euros-en-2025-un-85-mas\/\" >Leer m\u00e1s<\/a> \n\t\t\t\t\t\t\t\t\t\t\t\t\t\t\t\t\t<\/div>\n\t\t\t\t\t\t\t<\/div>\n\t\t\t\t\t\t<\/li>\n\t\t\t\t\t\t\t\t\t\t\t\t\t\t\t \t\t\t\t\t\t\t\t\t\t\t\t<li>\n\t\t\t\t\t\t\t\t\t\t\t\t\t\t<div class=\"text\" >\n\t\t\t\t\t\t\t\t<a class=\"fs fs16 fw fw500 Din blueLightColor\" >19\/03\/2026<\/a>\n\t\t\t\t\t\t\t\t<div class=\"separator separator__20\" ><\/div>\n\t\t\t\t\t\t\t\t<h3 class=\"fs fs28 fw fw500 blueColor\" ><a href=\"https:\/\/www.atryshealth.com\/es\/nota-de-prensa\/atrys-y-la-universidad-de-barcelona-lanzan-la-v-edicion-de-los-premios-de-la-catedra-ub-atrys-de-radioterapia-personalizada\/\" title=\"noticia1\" >Atrys y la Universidad de Barcelona lanzan la V edici\u00f3n de los Premios de la C\u00e1tedra UB Atrys de Radioterapia Personalizada<\/a><\/h3>\n\t\t\t\t\t\t\t\t<div class=\"separator separator__20\" ><\/div>\n\t\t\t\t\t\t\t\t<p class=\"fs fs16 fw fw100\">Atrys Health, empresa m\u00e9dica especializada en servicios asistenciales de telediagn\u00f3stico, oncolog\u00eda, anatom\u00eda patol\u00f3gica y medicina nuclear, y&#8230;<\/p>\n\t\t\t\t\t\t\t\t<div class=\"links_nota_item_grid\">\n\t\t\t\t\t\t\t\t\t<a class=\"fs fs16 fw fw500 Din blueLightColor\" href=\"https:\/\/www.atryshealth.com\/es\/nota-de-prensa\/atrys-y-la-universidad-de-barcelona-lanzan-la-v-edicion-de-los-premios-de-la-catedra-ub-atrys-de-radioterapia-personalizada\/\" >Leer m\u00e1s<\/a> \n\t\t\t\t\t\t\t\t\t\t\t\t\t\t\t\t\t<\/div>\n\t\t\t\t\t\t\t<\/div>\n\t\t\t\t\t\t<\/li>\n\t\t\t\t\t\t\t\t\t\t\t\t\t\t\t \t\t\t\t\t\t\t\t\t\t\t\t<li>\n\t\t\t\t\t\t\t\t\t\t\t\t\t\t<div class=\"text\" >\n\t\t\t\t\t\t\t\t<a class=\"fs fs16 fw fw500 Din blueLightColor\" >11\/03\/2026<\/a>\n\t\t\t\t\t\t\t\t<div class=\"separator separator__20\" ><\/div>\n\t\t\t\t\t\t\t\t<h3 class=\"fs fs28 fw fw500 blueColor\" ><a href=\"https:\/\/www.atryshealth.com\/es\/nota-de-prensa\/atrys-concentra-su-actividad-oncologica-en-santa-maria-da-feira-y-consolida-su-centro-especializado\/\" title=\"noticia1\" >Atrys concentra su actividad oncol\u00f3gica en Santa Maria da Feira y consolida su centro especializado<\/a><\/h3>\n\t\t\t\t\t\t\t\t<div class=\"separator separator__20\" ><\/div>\n\t\t\t\t\t\t\t\t<p class=\"fs fs16 fw fw100\">Atrys ha completado la reorganizaci\u00f3n de su unidad de Santa Maria da Feira, concentrando \u00edntegramente la actividad cl\u00ednica en las \u00e1reas de&#8230;<\/p>\n\t\t\t\t\t\t\t\t<div class=\"links_nota_item_grid\">\n\t\t\t\t\t\t\t\t\t<a class=\"fs fs16 fw fw500 Din blueLightColor\" href=\"https:\/\/www.atryshealth.com\/es\/nota-de-prensa\/atrys-concentra-su-actividad-oncologica-en-santa-maria-da-feira-y-consolida-su-centro-especializado\/\" >Leer m\u00e1s<\/a> \n\t\t\t\t\t\t\t\t\t\t\t\t\t\t\t\t\t<\/div>\n\t\t\t\t\t\t\t<\/div>\n\t\t\t\t\t\t<\/li>\n\t\t\t\t\t\t\t\t\t\t\t\t\t\t\t \t\t\t\t\t\t\t\t\t\t\t\t<li>\n\t\t\t\t\t\t\t\t\t\t\t\t\t\t<div class=\"text\" >\n\t\t\t\t\t\t\t\t<a class=\"fs fs16 fw fw500 Din blueLightColor\" >16\/02\/2026<\/a>\n\t\t\t\t\t\t\t\t<div class=\"separator separator__20\" ><\/div>\n\t\t\t\t\t\t\t\t<h3 class=\"fs fs28 fw fw500 blueColor\" ><a href=\"https:\/\/www.atryshealth.com\/es\/nota-de-prensa\/atrys-y-sant-joan-de-deu-amplian-su-capacidad-para-aplicar-la-teragnosis-como-terapia-innovadora-contra-el-cancer-infantil\/\" title=\"noticia1\" >Atrys y Sant Joan de D\u00e9u ampl\u00edan su capacidad para aplicar la teragnosis como terapia innovadora contra el c\u00e1ncer infantil<\/a><\/h3>\n\t\t\t\t\t\t\t\t<div class=\"separator separator__20\" ><\/div>\n\t\t\t\t\t\t\t\t<p class=\"fs fs16 fw fw100\">Atrys Health, empresa m\u00e9dica especializada en servicios asistenciales de telediagn\u00f3stico, oncolog\u00eda, anatom\u00eda patol\u00f3gica y medicina nuclear, y&#8230;<\/p>\n\t\t\t\t\t\t\t\t<div class=\"links_nota_item_grid\">\n\t\t\t\t\t\t\t\t\t<a class=\"fs fs16 fw fw500 Din blueLightColor\" href=\"https:\/\/www.atryshealth.com\/es\/nota-de-prensa\/atrys-y-sant-joan-de-deu-amplian-su-capacidad-para-aplicar-la-teragnosis-como-terapia-innovadora-contra-el-cancer-infantil\/\" >Leer m\u00e1s<\/a> \n\t\t\t\t\t\t\t\t\t\t\t\t\t\t\t\t\t<\/div>\n\t\t\t\t\t\t\t<\/div>\n\t\t\t\t\t\t<\/li>\n\t\t\t\t\t\t\t\t\t\t\t\t\t\t\t \t\t\t\t\t\t\t \t\t\t\t\t\t\t \t\t\t\t\t\t\t \t\t\t\t\t\t\t \t\t\t\t\t\t\t \t\t\t\t\t\t\t \t\t\t\t\t\t\t \t\t\t\t\t\t\t \t\t\t\t\t\t\t \t\t\t\t\t\t\t \t\t\t\t\t\t\t \t\t\t\t\t\t\t \t\t\t\t\t\t\t \t\t\t\t\t\t\t \t\t\t\t\t\t\t \t\t\t\t\t\t\t \t\t\t\t\t\t\t \t\t\t\t\t\t\t \t\t\t\t\t\t\t \t\t\t\t\t\t\t \t\t\t\t\t\t\t \t\t\t\t\t\t\t \t\t\t\t\t\t\t \t\t\t\t\t\t\t \t\t\t\t\t\t\t \t\t\t\t\t\t\t \t\t\t\t\t\t\t \t\t\t\t\t\t\t \t\t\t\t\t\t\t \t\t\t\t\t\t\t \t\t\t\t\t\t\t \t\t\t\t\t\t\t \t\t\t\t\t\t\t \t\t\t\t\t\t\t \t\t\t\t\t\t\t \t\t\t\t\t\t\t \t\t\t\t\t\t\t \t\t\t\t\t\t\t \t\t\t\t\t\t\t \t\t\t\t\t\t\t \t\t\t\t\t\t\t \t\t\t\t\t\t\t \t\t\t\t\t\t\t \t\t\t\t\t\t\t \t\t\t\t\t\t\t \t\t\t\t\t\t\t \t\t\t\t\t\t\t \t\t\t\t\t\t\t \t\t\t\t\t\t\t \t\t\t\t\t\t\t \t\t\t\t\t\t\t \t\t\t\t\t\t\t \t\t\t\t\t\t\t \t\t\t\t\t\t\t \t\t\t\t\t\t\t \t\t\t\t\t\t\t \t\t\t\t\t\t\t \t\t\t\t\t\t\t \t\t\t\t\t\t\t \t\t\t\t\t\t\t \t\t\t\t\t\t\t \t\t\t\t\t\t\t \t\t\t\t\t\t\t \t\t\t\t\t\t\t \t\t\t\t\t\t\t \t\t\t\t\t\t\t \t\t\t\t\t\t\t \t\t\t\t\t\t\t \t\t\t\t\t\t\t \t\t\t\t\t\t\t \t\t\t\t\t\t\t \t\t\t\t\t\t\t \t\t\t\t\t\t\t \t\t\t\t\t\t\t \t\t\t\t\t\t\t \t\t\t\t\t\t\t \t\t\t\t\t\t\t \t\t\t\t\t\t\t \t\t\t\t\t\t\t \t\t\t\t\t\t\t \t\t\t\t\t\t\t \t\t\t\t\t\t\t \t\t\t\t\t\t\t \t\t\t\t\t\t\t \t\t\t\t\t\t\t \t\t\t\t\t\t\t \t\t\t\t\t\t\t \t\t\t\t\t\t\t \t\t\t\t\t\t\t \t\t\t\t\t\t\t \t\t\t\t\t\t\t \t\t\t\t\t\t\t \t\t\t\t\t\t\t \t\t\t\t\t\t\t \t\t\t\t\t\t\t \t\t\t\t\t\t\t \t\t\t\t\t\t\t \t\t\t\t\t\t\t \t\t\t\t\t\t\t \t\t\t\t\t\t\t \t\t\t\t\t\t\t \t\t\t\t\t\t\t \t\t\t\t\t\t\t \t\t\t\t\t\t\t \t\t\t\t\t\t\t \t\t\t\t\t\t\t \t\t\t\t\t\t\t \t\t\t\t\t\t\t \t\t\t\t\t\t\t \t\t\t\t\t\t\t \t\t\t\t\t\t\t \t\t\t\t\t\t\t \t\t\t\t\t\t\t \t\t\t\t\t\t\t \t\t\t\t\t\t\t \t\t\t\t\t\t\t \t\t\t\t\t\t\t \t\t\t\t\t\t\t \t\t\t\t\t\t\t \t\t\t\t\t\t\t \t\t\t\t\t\t\t \t\t\t\t\t\t\t \t\t\t\t\t\t\t \t\t\t\t\t\t\t \t\t\t\t\t\t\t \t\t\t\t\t\t\t \t\t\t\t\t\t\t \t\t\t\t\t\t\t \t\t\t\t\t\t\t \t\t\t\t\t\t\t \t\t\t\t\t\t\t \t\t\t\t\t\t\t \t\t\t\t\t\t\t \t\t\t\t\t\t\t \t\t\t\t\t\t\t \t\t\t\t\t\t\t \t\t\t\t\t\t\t \t\t\t\t\t\t\t \t\t\t\t\t\t\t \t\t\t\t\t\t\t \t\t\t\t\t\t\t \t\t\t\t\t\t\t \t\t\t\t\t\t\t \t\t\t\t\t\t\t \t\t\t\t\t\t\t \t\t\t\t\t\t\t \t\t\t\t\t\t\t \t\t\t\t\t\t\t \t\t\t\t\t\t\t \t\t\t\t\t\t\t \t\t\t\t\t\t\t \t\t\t\t\t\t\t \t\t\t\t\t\t\t \t\t\t\t\t\t\t \t\t\t\t\t\t\t \t\t\t\t\t\t\t \t\t\t\t\t\t\t \t\t\t\t\t\t\t \t\t\t\t\t\t\t \t\t\t\t\t\t\t \t\t\t\t\t\t\t \t\t\t\t\t\t<\/ul>\t\n\t<\/div>\n\t\t<div class=\"container flex flex__center \"  >\n\t\t\t<a class=\"fs fs28 fw fw500 blueLightColor  btn_pagination_notaprensa\" href=\"#\" title=\"Ver m\u00e1s\" data-total=\"8\" data-per-page=\"6\" data-curent-page=\"1\" data-year=\"2026\">Ver m\u00e1s<\/a>\n\t\t<\/div>\n<\/section> <!-- END DESTACADOS -->\n\n\r\n<section id=\"kitPrensa\" class=\"section section__kitPrensa blueColorBg\" style=\"background-image: url(https:\/\/www.atryshealth.com\/wp-content\/uploads\/2021\/09\/Trama_cabecera-Copy.jpg)\" > <!-- KIT DE PRENSA -->\r\n\t<div class=\"container container__header\"  >\r\n\t\t<h2 class=\"fs fs55 fw fw500 blueColor\" >Kit de prensa<\/h2>\r\n\t<\/div>\r\n\t<div class=\"container container__grid\" >\r\n\t\t<ul class=\"grid\" >\r\n\t\t\t\t\t\t\t<li>\r\n\t\t\t\t\t<h3 class=\"fs fs35 fw fw500 blueLightColor\" style=\"color : #05a78b\">Atrys en los medios<\/h3>\r\n\t\t\t\t\t<div class=\"separator separator__20\" ><\/div>\r\n\t\t\t\t\t\r\n\t\t\t\t\t\r\n\t\t\t\t\t<div class=\"cover cover__buttons\" >\r\n\t\t\t\t\t\t\t\t\t\t\t\t\t<a class=\"fs fs16 fw fw500 button button__small button__white uppercase\" href=\"https:\/\/atryshealth.com\/atrys-en-los-medios\/\" target=\"\"  >Ver m\u00e1s<\/a>\r\n\t\t\t\t\t\t\t\t\t\t\t\t\t\t\t\t\t<\/div>\r\n\t\t\t\t\r\n\r\n\t\t\t\t<\/li>\r\n\t\t\t\t\t\t\t<li>\r\n\t\t\t\t\t<h3 class=\"fs fs35 fw fw500 blueLightColor\" style=\"color : #25b0bb\">Presentaci\u00f3n corporativa<\/h3>\r\n\t\t\t\t\t<div class=\"separator separator__20\" ><\/div>\r\n\t\t\t\t\t\r\n\t\t\t\t\t\r\n\t\t\t\t\t<div class=\"cover cover__buttons\" >\r\n\t\t\t\t\t\t\t\t\t\t\t\t\t\t\t\t\t\t\t<a class=\"fs fs16 fw fw500 button button__small button__white uppercase\" href=\"https:\/\/www.atryshealth.com\/wp-content\/uploads\/2023\/05\/ESP-Presentacion-corporativa-Atrys-18.05.23.pdf\" target=\"_blank\"  >Descargar<\/a>\r\n\t\t\t\t\t\t\t\t\t\t\t<\/div>\r\n\t\t\t\t\r\n\r\n\t\t\t\t<\/li>\r\n\t\t\t\t\t\t\t<li>\r\n\t\t\t\t\t<h3 class=\"fs fs35 fw fw500 blueLightColor\" style=\"color : #ed64d3\">Logotipos<\/h3>\r\n\t\t\t\t\t<div class=\"separator separator__20\" ><\/div>\r\n\t\t\t\t\t\r\n\t\t\t\t\t\r\n\t\t\t\t\t<div class=\"cover cover__buttons\" >\r\n\t\t\t\t\t\t\t\t\t\t\t\t\t\t\t\t\t\t\t<a class=\"fs fs16 fw fw500 button button__small button__white uppercase\" href=\"https:\/\/www.atryshealth.com\/wp-content\/uploads\/2023\/01\/Logotipos-Atrys.zip\" target=\"_blank\"  >Descargar<\/a>\r\n\t\t\t\t\t\t\t\t\t\t\t<\/div>\r\n\t\t\t\t\r\n\r\n\t\t\t\t<\/li>\r\n\t\t\t\t\t\t\r\n\t\t\t\r\n\t\t<\/ul>\r\n\t<\/div>\r\n<\/section> <!-- END KIT DE PRENSA -->\n\n","protected":false},"excerpt":{"rendered":"","protected":false},"author":33,"featured_media":0,"parent":0,"menu_order":69,"comment_status":"closed","ping_status":"closed","template":"template-pages\/template-generic-page.php","meta":{"_acf_changed":false,"footnotes":""},"class_list":["post-1633","page","type-page","status-publish","hentry"],"acf":[],"yoast_head":"<!-- This site is optimized with the Yoast SEO plugin v27.4 - https:\/\/yoast.com\/product\/yoast-seo-wordpress\/ -->\n<title>Sala de prensa - Atrys Health<\/title>\n<meta name=\"description\" content=\"Somos una gran compa\u00f1\u00eda. Creamos nuevas soluciones para los pacientes y el sector sanitario. Miles de profesionales de Atrys ponemos nuestra experiencia al servicio de todos, para ofrecer diagn\u00f3sticos y tratamientos de precisi\u00f3n.\" \/>\n<meta name=\"robots\" content=\"index, follow, max-snippet:-1, max-image-preview:large, max-video-preview:-1\" \/>\n<link rel=\"canonical\" href=\"https:\/\/www.atryshealth.com\/es\/sala-de-prensa\/\" \/>\n<meta property=\"og:locale\" content=\"es_ES\" \/>\n<meta property=\"og:type\" content=\"article\" \/>\n<meta property=\"og:title\" content=\"Sala de prensa - Atrys Health\" \/>\n<meta property=\"og:description\" content=\"Somos una gran compa\u00f1\u00eda. Creamos nuevas soluciones para los pacientes y el sector sanitario. Miles de profesionales de Atrys ponemos nuestra experiencia al servicio de todos, para ofrecer diagn\u00f3sticos y tratamientos de precisi\u00f3n.\" \/>\n<meta property=\"og:url\" content=\"https:\/\/www.atryshealth.com\/es\/sala-de-prensa\/\" \/>\n<meta property=\"og:site_name\" content=\"Atrys Health\" \/>\n<meta property=\"article:modified_time\" content=\"2023-05-18T16:03:29+00:00\" \/>\n<meta property=\"og:image\" content=\"https:\/\/www.atryshealth.com\/wp-content\/uploads\/2021\/12\/atrys-logo-probar-web.png\" \/>\n\t<meta property=\"og:image:width\" content=\"1563\" \/>\n\t<meta property=\"og:image:height\" content=\"1014\" \/>\n\t<meta property=\"og:image:type\" content=\"image\/png\" \/>\n<meta name=\"twitter:card\" content=\"summary_large_image\" \/>\n<meta name=\"twitter:site\" content=\"@Atrys_Health\" \/>\n<script type=\"application\/ld+json\" class=\"yoast-schema-graph\">{\"@context\":\"https:\\\/\\\/schema.org\",\"@graph\":[{\"@type\":\"WebPage\",\"@id\":\"https:\\\/\\\/www.atryshealth.com\\\/es\\\/sala-de-prensa\\\/\",\"url\":\"https:\\\/\\\/www.atryshealth.com\\\/es\\\/sala-de-prensa\\\/\",\"name\":\"Sala de prensa - Atrys Health\",\"isPartOf\":{\"@id\":\"https:\\\/\\\/www.atryshealth.com\\\/es\\\/#website\"},\"datePublished\":\"2021-09-16T15:46:31+00:00\",\"dateModified\":\"2023-05-18T16:03:29+00:00\",\"description\":\"Somos una gran compa\u00f1\u00eda. Creamos nuevas soluciones para los pacientes y el sector sanitario. Miles de profesionales de Atrys ponemos nuestra experiencia al servicio de todos, para ofrecer diagn\u00f3sticos y tratamientos de precisi\u00f3n.\",\"breadcrumb\":{\"@id\":\"https:\\\/\\\/www.atryshealth.com\\\/es\\\/sala-de-prensa\\\/#breadcrumb\"},\"inLanguage\":\"es\",\"potentialAction\":[{\"@type\":\"ReadAction\",\"target\":[\"https:\\\/\\\/www.atryshealth.com\\\/es\\\/sala-de-prensa\\\/\"]}]},{\"@type\":\"BreadcrumbList\",\"@id\":\"https:\\\/\\\/www.atryshealth.com\\\/es\\\/sala-de-prensa\\\/#breadcrumb\",\"itemListElement\":[{\"@type\":\"ListItem\",\"position\":1,\"name\":\"Portada\",\"item\":\"https:\\\/\\\/www.atryshealth.com\\\/es\\\/\"},{\"@type\":\"ListItem\",\"position\":2,\"name\":\"Sala de prensa\"}]},{\"@type\":\"WebSite\",\"@id\":\"https:\\\/\\\/www.atryshealth.com\\\/es\\\/#website\",\"url\":\"https:\\\/\\\/www.atryshealth.com\\\/es\\\/\",\"name\":\"Atrys Health\",\"description\":\"\",\"publisher\":{\"@id\":\"https:\\\/\\\/www.atryshealth.com\\\/es\\\/#organization\"},\"potentialAction\":[{\"@type\":\"SearchAction\",\"target\":{\"@type\":\"EntryPoint\",\"urlTemplate\":\"https:\\\/\\\/www.atryshealth.com\\\/es\\\/?s={search_term_string}\"},\"query-input\":{\"@type\":\"PropertyValueSpecification\",\"valueRequired\":true,\"valueName\":\"search_term_string\"}}],\"inLanguage\":\"es\"},{\"@type\":\"Organization\",\"@id\":\"https:\\\/\\\/www.atryshealth.com\\\/es\\\/#organization\",\"name\":\"Atrys Health S.A.\",\"url\":\"https:\\\/\\\/www.atryshealth.com\\\/es\\\/\",\"logo\":{\"@type\":\"ImageObject\",\"inLanguage\":\"es\",\"@id\":\"https:\\\/\\\/www.atryshealth.com\\\/es\\\/#\\\/schema\\\/logo\\\/image\\\/\",\"url\":\"https:\\\/\\\/www.atryshealth.com\\\/wp-content\\\/uploads\\\/2021\\\/12\\\/atrys-logo-probar-web.png\",\"contentUrl\":\"https:\\\/\\\/www.atryshealth.com\\\/wp-content\\\/uploads\\\/2021\\\/12\\\/atrys-logo-probar-web.png\",\"width\":1563,\"height\":1014,\"caption\":\"Atrys Health S.A.\"},\"image\":{\"@id\":\"https:\\\/\\\/www.atryshealth.com\\\/es\\\/#\\\/schema\\\/logo\\\/image\\\/\"},\"sameAs\":[\"https:\\\/\\\/x.com\\\/Atrys_Health\",\"https:\\\/\\\/es.linkedin.com\\\/company\\\/atrys-health\",\"https:\\\/\\\/www.youtube.com\\\/channel\\\/UCejhA_ghBXRG1xoe9HB9pEw\"]}]}<\/script>\n<!-- \/ Yoast SEO plugin. -->","yoast_head_json":{"title":"Sala de prensa - Atrys Health","description":"Somos una gran compa\u00f1\u00eda. Creamos nuevas soluciones para los pacientes y el sector sanitario. Miles de profesionales de Atrys ponemos nuestra experiencia al servicio de todos, para ofrecer diagn\u00f3sticos y tratamientos de precisi\u00f3n.","robots":{"index":"index","follow":"follow","max-snippet":"max-snippet:-1","max-image-preview":"max-image-preview:large","max-video-preview":"max-video-preview:-1"},"canonical":"https:\/\/www.atryshealth.com\/es\/sala-de-prensa\/","og_locale":"es_ES","og_type":"article","og_title":"Sala de prensa - Atrys Health","og_description":"Somos una gran compa\u00f1\u00eda. Creamos nuevas soluciones para los pacientes y el sector sanitario. Miles de profesionales de Atrys ponemos nuestra experiencia al servicio de todos, para ofrecer diagn\u00f3sticos y tratamientos de precisi\u00f3n.","og_url":"https:\/\/www.atryshealth.com\/es\/sala-de-prensa\/","og_site_name":"Atrys Health","article_modified_time":"2023-05-18T16:03:29+00:00","og_image":[{"width":1563,"height":1014,"url":"https:\/\/www.atryshealth.com\/wp-content\/uploads\/2021\/12\/atrys-logo-probar-web.png","type":"image\/png"}],"twitter_card":"summary_large_image","twitter_site":"@Atrys_Health","schema":{"@context":"https:\/\/schema.org","@graph":[{"@type":"WebPage","@id":"https:\/\/www.atryshealth.com\/es\/sala-de-prensa\/","url":"https:\/\/www.atryshealth.com\/es\/sala-de-prensa\/","name":"Sala de prensa - Atrys Health","isPartOf":{"@id":"https:\/\/www.atryshealth.com\/es\/#website"},"datePublished":"2021-09-16T15:46:31+00:00","dateModified":"2023-05-18T16:03:29+00:00","description":"Somos una gran compa\u00f1\u00eda. Creamos nuevas soluciones para los pacientes y el sector sanitario. Miles de profesionales de Atrys ponemos nuestra experiencia al servicio de todos, para ofrecer diagn\u00f3sticos y tratamientos de precisi\u00f3n.","breadcrumb":{"@id":"https:\/\/www.atryshealth.com\/es\/sala-de-prensa\/#breadcrumb"},"inLanguage":"es","potentialAction":[{"@type":"ReadAction","target":["https:\/\/www.atryshealth.com\/es\/sala-de-prensa\/"]}]},{"@type":"BreadcrumbList","@id":"https:\/\/www.atryshealth.com\/es\/sala-de-prensa\/#breadcrumb","itemListElement":[{"@type":"ListItem","position":1,"name":"Portada","item":"https:\/\/www.atryshealth.com\/es\/"},{"@type":"ListItem","position":2,"name":"Sala de prensa"}]},{"@type":"WebSite","@id":"https:\/\/www.atryshealth.com\/es\/#website","url":"https:\/\/www.atryshealth.com\/es\/","name":"Atrys Health","description":"","publisher":{"@id":"https:\/\/www.atryshealth.com\/es\/#organization"},"potentialAction":[{"@type":"SearchAction","target":{"@type":"EntryPoint","urlTemplate":"https:\/\/www.atryshealth.com\/es\/?s={search_term_string}"},"query-input":{"@type":"PropertyValueSpecification","valueRequired":true,"valueName":"search_term_string"}}],"inLanguage":"es"},{"@type":"Organization","@id":"https:\/\/www.atryshealth.com\/es\/#organization","name":"Atrys Health S.A.","url":"https:\/\/www.atryshealth.com\/es\/","logo":{"@type":"ImageObject","inLanguage":"es","@id":"https:\/\/www.atryshealth.com\/es\/#\/schema\/logo\/image\/","url":"https:\/\/www.atryshealth.com\/wp-content\/uploads\/2021\/12\/atrys-logo-probar-web.png","contentUrl":"https:\/\/www.atryshealth.com\/wp-content\/uploads\/2021\/12\/atrys-logo-probar-web.png","width":1563,"height":1014,"caption":"Atrys Health S.A."},"image":{"@id":"https:\/\/www.atryshealth.com\/es\/#\/schema\/logo\/image\/"},"sameAs":["https:\/\/x.com\/Atrys_Health","https:\/\/es.linkedin.com\/company\/atrys-health","https:\/\/www.youtube.com\/channel\/UCejhA_ghBXRG1xoe9HB9pEw"]}]}},"_links":{"self":[{"href":"https:\/\/www.atryshealth.com\/es\/wp-json\/wp\/v2\/pages\/1633","targetHints":{"allow":["GET"]}}],"collection":[{"href":"https:\/\/www.atryshealth.com\/es\/wp-json\/wp\/v2\/pages"}],"about":[{"href":"https:\/\/www.atryshealth.com\/es\/wp-json\/wp\/v2\/types\/page"}],"author":[{"embeddable":true,"href":"https:\/\/www.atryshealth.com\/es\/wp-json\/wp\/v2\/users\/33"}],"replies":[{"embeddable":true,"href":"https:\/\/www.atryshealth.com\/es\/wp-json\/wp\/v2\/comments?post=1633"}],"version-history":[{"count":0,"href":"https:\/\/www.atryshealth.com\/es\/wp-json\/wp\/v2\/pages\/1633\/revisions"}],"wp:attachment":[{"href":"https:\/\/www.atryshealth.com\/es\/wp-json\/wp\/v2\/media?parent=1633"}],"curies":[{"name":"wp","href":"https:\/\/api.w.org\/{rel}","templated":true}]}}