{"id":1125,"date":"2021-09-15T14:10:35","date_gmt":"2021-09-15T14:10:35","guid":{"rendered":"https:\/\/atryshealth.com\/?page_id=1125"},"modified":"2024-10-16T10:24:02","modified_gmt":"2024-10-16T08:24:02","slug":"diagnostico","status":"publish","type":"page","link":"https:\/\/www.atryshealth.com\/es\/diagnostico\/","title":{"rendered":"Diagn\u00f3stico integrado para Empresas"},"content":{"rendered":"\n<section id=\"header-override-block_1a62e9f7728c6762324668c2056e5ae6\" class=\"section section__intro section__intro__diagnosticoEmpresas\" style=\"background-image: url(https:\/\/www.atryshealth.com\/wp-content\/uploads\/2021\/09\/bgDiagnosticoEmpresas.jpg)\">\n    <!-- INTRO DIAGNOSTICO EMPRESAS -->\n    <div class=\"container flex flex__between flex__align__center flex__33__61\">\n                    <div class=\"mask mask__auto\">\n                <img decoding=\"async\" src=\"https:\/\/www.atryshealth.com\/wp-content\/uploads\/2021\/09\/bubblesBlue2.svg\" alt=\"bubblesBlue2\">\n            <\/div>\n        \n        <div class=\"box box__text\">\n                            <p class=\"fs fs28 fw fw500 blueColor\">Diagn\u00f3stico integrado<\/p>\n                <div class=\"separator separator__30\"><\/div>\n            \n                            <h2 class=\"fs fs55 fw fw100 whiteColor\">Diagn\u00f3stico para empresas<\/h2>\n            \n                            <div class=\"separator separator__30\"><\/div>\n                <div class=\"fs fs20 fw fw300 whiteColor\">\n                    <p class=\"p1\"><span class=\"s1\">Accede a un diagn\u00f3stico preciso y contrastado por nuestros equipos m\u00e9dicos. Te facilitamos al m\u00e1ximo el env\u00edo y recepci\u00f3n de pruebas de forma segura. Recibe tu diagn\u00f3stico a trav\u00e9s de consulta online, con confidencialidad y la tranquilidad de acudir a profesionales de prestigio.<span class=\"Apple-converted-space\">\u00a0<\/span><\/span><\/p>\n                <\/div>\n            \n                    <\/div>\n    <\/div>\n<\/section> <!-- END INTRO DIAGNOSTICO EMPRESAS -->\n\n\r\n<section id=\"noticiasDoble\" class=\"section section__noticiasDoble section__noticiasDoble__empresas section__noticiasDoble__marginTop\">\r\n\t<!-- NOTICIAS DOBLE -->\r\n\t\t\t\t\t\t<div class=\"container whiteColorBg flex__align__center\">\r\n\t\t\t\t<div class=\"mask\">\r\n\t\t\t\t\t\t\t\t\t\t\t<img decoding=\"async\" src=\"https:\/\/www.atryshealth.com\/wp-content\/uploads\/2021\/09\/geneticaEmpresas.png\" alt=\"\">\r\n\t\t\t\t\t\t\t\t\t<\/div>\r\n\r\n\t\t\t\t<div class=\"box box__text\">\r\n\t\t\t\t\t\t\t\t\t\t\t<h2 class=\"fs fs55 fw fw500 blueColor\">\r\n\t\t\t\t\t\t\tDiagn\u00f3stico gen\u00e9tico\t\t\t\t\t\t<\/h2>\r\n\t\t\t\t\t\r\n\t\t\t\t\t\t\t\t\t\t\t<div class=\"separator separator__20\"><\/div>\r\n\t\t\t\t\t\t<div class=\"fs fs20 fw fw100 content-with-p\"><p>Somos el primer laboratorio privado de gen\u00e9tica de Espa\u00f1a. Nos hemos convertido en un instituto de referencia internacional en la secuenciaci\u00f3n y genotipado de ADN con finalidad m\u00e9dica. Recibe una respuesta \u00e1gil, fiable e informada para tus pacientes. <\/p>\n<\/div>\r\n\t\t\t\t\t\r\n\t\t\t\t\t\t\t\t\t\t\t<div class=\"separator separator__30\"><\/div>\r\n\t\t\t\t\t\t\t\t\t\t\t\t\t<div class=\"separator separator__10\"><\/div>\r\n\t\t\t\t\t\t\t<a href=\"https:\/\/www.atryshealth.com\/es\/diagnostico-genetico\/\" class=\"fs fs16 fw fw500 blueLightColor uppercase Din\" title=\"Leer m\u00e1s\">\r\n\t\t\t\t\t\t\t\tLeer m\u00e1s\r\n\t\t\t\t\t\t\t\t\t\t\t\t\t\t\t<\/a>\r\n\t\t\t\t\t\t\t\t\t\t\t\t\t\t\t<\/div>\r\n\t\t\t<\/div>\r\n\t\t\t\t\t\t\t\t<div class=\"container whiteColorBg flex__align__center\">\r\n\t\t\t\t<div class=\"box box__text\">\r\n\t\t\t\t\t\t\t\t\t\t\t<h2 class=\"fs fs55 fw fw500 blueColor\">\r\n\t\t\t\t\t\t\tPatolog\u00eda estructural y molecular\t\t\t\t\t\t<\/h2>\r\n\t\t\t\t\t\r\n\t\t\t\t\t\t\t\t\t\t\t<div class=\"separator separator__20\"><\/div>\r\n\t\t\t\t\t\t<div class=\"fs fs20 fw fw100 content-with-p\"><p>Nuestro servicio de anatom\u00eda patol\u00f3gica para los profesionales de la salud est\u00e1 avalado por nuestra solidez. Procesamos alrededor de 300.000 muestras anuales. Esta experiencia nos permite ofrecer resultados claros y fiables, en el plazo que necesitas para tus pacientes. <\/p>\n<\/div>\r\n\t\t\t\t\t\r\n\t\t\t\t\t\t\t\t\t\t\t<div class=\"separator separator__30\"><\/div>\r\n\t\t\t\t\t\t\t\t\t\t\t\t\t<div class=\"separator separator__10\"><\/div>\r\n\t\t\t\t\t\t\t<a href=\"https:\/\/www.atryshealth.com\/es\/diagnostico-molecular\/\" class=\"fs fs16 fw fw500 blueLightColor uppercase Din\" title=\"Leer m\u00e1s\">\r\n\t\t\t\t\t\t\t\tLeer m\u00e1s\r\n\t\t\t\t\t\t\t\t\t\t\t\t\t\t\t<\/a>\r\n\t\t\t\t\t\t\t\t\t\t\t\t\t\t\t<\/div>\r\n\r\n\t\t\t\t<div class=\"mask\">\r\n\t\t\t\t\t\t\t\t\t\t\t<img decoding=\"async\" src=\"https:\/\/www.atryshealth.com\/wp-content\/uploads\/2021\/09\/anatomiaEmpresas.png\" alt=\"\">\r\n\t\t\t\t\t\t\t\t\t<\/div>\r\n\t\t\t<\/div>\r\n\t\t\t\t\t\t\t\t<div class=\"container whiteColorBg flex__align__center\">\r\n\t\t\t\t<div class=\"mask\">\r\n\t\t\t\t\t\t\t\t\t\t\t<img decoding=\"async\" src=\"https:\/\/www.atryshealth.com\/wp-content\/uploads\/2021\/09\/radiologiaEmpresas.png\" alt=\"\">\r\n\t\t\t\t\t\t\t\t\t<\/div>\r\n\r\n\t\t\t\t<div class=\"box box__text\">\r\n\t\t\t\t\t\t\t\t\t\t\t<h2 class=\"fs fs55 fw fw500 blueColor\">\r\n\t\t\t\t\t\t\tTelediagn\u00f3stico\t\t\t\t\t\t<\/h2>\r\n\t\t\t\t\t\r\n\t\t\t\t\t\t\t\t\t\t\t<div class=\"separator separator__20\"><\/div>\r\n\t\t\t\t\t\t<div class=\"fs fs20 fw fw100 content-with-p\"><p>Impulsa tu capacidad diagn\u00f3stica con el respaldo de un grupo l\u00edder. Nos ponemos a tu servicio para agilizar tu capacidad de respuesta, aportando precisi\u00f3n y tecnolog\u00eda en un amplio cat\u00e1logo de pruebas.<\/p>\n<\/div>\r\n\t\t\t\t\t\r\n\t\t\t\t\t\t\t\t\t\t\t<div class=\"separator separator__30\"><\/div>\r\n\t\t\t\t\t\t\t\t\t\t\t\t\t<div class=\"separator separator__10\"><\/div>\r\n\t\t\t\t\t\t\t<a href=\"https:\/\/atryshealth.com\/teleradiologia\/\" class=\"fs fs16 fw fw500 blueLightColor uppercase Din\" title=\"Leer m\u00e1s sobre Teleradiolog\u00eda\">\r\n\t\t\t\t\t\t\t\tLeer m\u00e1s sobre Teleradiolog\u00eda\r\n\t\t\t\t\t\t\t\t\t\t\t\t\t\t\t<\/a>\r\n\t\t\t\t\t\t\t\t\t\t\t\t\t<div class=\"separator separator__10\"><\/div>\r\n\t\t\t\t\t\t\t<a href=\"https:\/\/atryshealth.com\/telecardiologia\/\" class=\"fs fs16 fw fw500 blueLightColor uppercase Din\" title=\"Leer m\u00e1s sobre Telecardiolog\u00eda\">\r\n\t\t\t\t\t\t\t\tLeer m\u00e1s sobre Telecardiolog\u00eda\r\n\t\t\t\t\t\t\t\t\t\t\t\t\t\t\t<\/a>\r\n\t\t\t\t\t\t\t\t\t\t\t\t\t<div class=\"separator separator__10\"><\/div>\r\n\t\t\t\t\t\t\t<a href=\"https:\/\/atryshealth.com\/teledermatologia\/\" class=\"fs fs16 fw fw500 blueLightColor uppercase Din\" title=\"Leer m\u00e1s sobre Teledermatolog\u00eda\">\r\n\t\t\t\t\t\t\t\tLeer m\u00e1s sobre Teledermatolog\u00eda\r\n\t\t\t\t\t\t\t\t\t\t\t\t\t\t\t<\/a>\r\n\t\t\t\t\t\t\t\t\t\t\t\t\t\t\t<\/div>\r\n\t\t\t<\/div>\r\n\t\t\t<\/section> <!-- END NOTICIAS DOBLE -->\n\n<section id=\"contactar\" class=\"section section__contactar \" > <!-- CONTACTAR -->\r\n\t\t<div class=\"container\" >\r\n\t\t<div class=\"mask\" >\r\n\t\t\t\t\t\t\t<img decoding=\"async\" src=\"https:\/\/www.atryshealth.com\/wp-content\/uploads\/2021\/09\/bubblesBlue2.svg\" alt=\"\">\r\n\t\t\t\t\t<\/div>\r\n\t\t<div class=\"separator separator__40\" ><\/div>\r\n\t\t<div class=\"box box__text\">\r\n\t\t\t<h2 class=\"fs fs55 fw fw500 \" style=\"color: #044aab\" ><p>\u00bfQuieres ponerte en contacto con el \u00e1rea de Diagn\u00f3stico integrado?<\/p>\n<\/h2>\r\n\t\t\t<div class=\"separator separator__20\" ><\/div>\r\n\t\t\t<p class=\"fs fs20 fw fw100\" style=\"color: #0a0a0a\" >Cu\u00e9ntanos en qu\u00e9 te podemos ayudar<\/p>\r\n\t\t<\/div>\r\n\t\t<div class=\"separator separator__60\" ><\/div>\r\n\t\t\t\t\t<div class=\"cover cover__buttons\">\r\n\t\t\t\t<a class=\"width-auto fs fs16 fw fw500 button button__small button__black  uppercase\" href=\"https:\/\/atryshealth.com\/contacto\/#diagnostico\" title=\"Contactar\" target=\"\">Contactar<\/a>\r\n\t\t\t<\/div>\r\n\t\t\t<\/div>\r\n<\/section> <!-- END CONTACTAR -->\r\n","protected":false},"excerpt":{"rendered":"","protected":false},"author":33,"featured_media":0,"parent":0,"menu_order":91,"comment_status":"closed","ping_status":"closed","template":"template-pages\/template-generic-page.php","meta":{"_acf_changed":false,"footnotes":""},"class_list":["post-1125","page","type-page","status-publish","hentry"],"acf":[],"yoast_head":"<!-- This site is optimized with the Yoast SEO plugin v27.4 - https:\/\/yoast.com\/product\/yoast-seo-wordpress\/ -->\n<title>Diagn\u00f3stico integrado para Empresas - Atrys Health<\/title>\n<meta name=\"description\" content=\"Somos una gran compa\u00f1\u00eda. Creamos nuevas soluciones para los pacientes y el sector sanitario. Miles de profesionales de Atrys ponemos nuestra experiencia al servicio de todos, para ofrecer diagn\u00f3sticos y tratamientos de precisi\u00f3n.\" \/>\n<meta name=\"robots\" content=\"index, follow, max-snippet:-1, max-image-preview:large, max-video-preview:-1\" \/>\n<link rel=\"canonical\" href=\"https:\/\/www.atryshealth.com\/es\/diagnostico\/\" \/>\n<meta property=\"og:locale\" content=\"es_ES\" \/>\n<meta property=\"og:type\" content=\"article\" \/>\n<meta property=\"og:title\" content=\"Diagn\u00f3stico integrado para Empresas - Atrys Health\" \/>\n<meta property=\"og:description\" content=\"Somos una gran compa\u00f1\u00eda. Creamos nuevas soluciones para los pacientes y el sector sanitario. Miles de profesionales de Atrys ponemos nuestra experiencia al servicio de todos, para ofrecer diagn\u00f3sticos y tratamientos de precisi\u00f3n.\" \/>\n<meta property=\"og:url\" content=\"https:\/\/www.atryshealth.com\/es\/diagnostico\/\" \/>\n<meta property=\"og:site_name\" content=\"Atrys Health\" \/>\n<meta property=\"article:modified_time\" content=\"2024-10-16T08:24:02+00:00\" \/>\n<meta property=\"og:image\" content=\"https:\/\/www.atryshealth.com\/wp-content\/uploads\/2021\/12\/atrys-logo-probar-web.png\" \/>\n\t<meta property=\"og:image:width\" content=\"1563\" \/>\n\t<meta property=\"og:image:height\" content=\"1014\" \/>\n\t<meta property=\"og:image:type\" content=\"image\/png\" \/>\n<meta name=\"twitter:card\" content=\"summary_large_image\" \/>\n<meta name=\"twitter:site\" content=\"@Atrys_Health\" \/>\n<script type=\"application\/ld+json\" class=\"yoast-schema-graph\">{\"@context\":\"https:\\\/\\\/schema.org\",\"@graph\":[{\"@type\":\"WebPage\",\"@id\":\"https:\\\/\\\/www.atryshealth.com\\\/es\\\/diagnostico\\\/\",\"url\":\"https:\\\/\\\/www.atryshealth.com\\\/es\\\/diagnostico\\\/\",\"name\":\"Diagn\u00f3stico integrado para Empresas - Atrys Health\",\"isPartOf\":{\"@id\":\"https:\\\/\\\/www.atryshealth.com\\\/es\\\/#website\"},\"datePublished\":\"2021-09-15T14:10:35+00:00\",\"dateModified\":\"2024-10-16T08:24:02+00:00\",\"description\":\"Somos una gran compa\u00f1\u00eda. Creamos nuevas soluciones para los pacientes y el sector sanitario. Miles de profesionales de Atrys ponemos nuestra experiencia al servicio de todos, para ofrecer diagn\u00f3sticos y tratamientos de precisi\u00f3n.\",\"breadcrumb\":{\"@id\":\"https:\\\/\\\/www.atryshealth.com\\\/es\\\/diagnostico\\\/#breadcrumb\"},\"inLanguage\":\"es\",\"potentialAction\":[{\"@type\":\"ReadAction\",\"target\":[\"https:\\\/\\\/www.atryshealth.com\\\/es\\\/diagnostico\\\/\"]}]},{\"@type\":\"BreadcrumbList\",\"@id\":\"https:\\\/\\\/www.atryshealth.com\\\/es\\\/diagnostico\\\/#breadcrumb\",\"itemListElement\":[{\"@type\":\"ListItem\",\"position\":1,\"name\":\"Portada\",\"item\":\"https:\\\/\\\/www.atryshealth.com\\\/es\\\/\"},{\"@type\":\"ListItem\",\"position\":2,\"name\":\"Diagn\u00f3stico integrado para Empresas\"}]},{\"@type\":\"WebSite\",\"@id\":\"https:\\\/\\\/www.atryshealth.com\\\/es\\\/#website\",\"url\":\"https:\\\/\\\/www.atryshealth.com\\\/es\\\/\",\"name\":\"Atrys Health\",\"description\":\"\",\"publisher\":{\"@id\":\"https:\\\/\\\/www.atryshealth.com\\\/es\\\/#organization\"},\"potentialAction\":[{\"@type\":\"SearchAction\",\"target\":{\"@type\":\"EntryPoint\",\"urlTemplate\":\"https:\\\/\\\/www.atryshealth.com\\\/es\\\/?s={search_term_string}\"},\"query-input\":{\"@type\":\"PropertyValueSpecification\",\"valueRequired\":true,\"valueName\":\"search_term_string\"}}],\"inLanguage\":\"es\"},{\"@type\":\"Organization\",\"@id\":\"https:\\\/\\\/www.atryshealth.com\\\/es\\\/#organization\",\"name\":\"Atrys Health S.A.\",\"url\":\"https:\\\/\\\/www.atryshealth.com\\\/es\\\/\",\"logo\":{\"@type\":\"ImageObject\",\"inLanguage\":\"es\",\"@id\":\"https:\\\/\\\/www.atryshealth.com\\\/es\\\/#\\\/schema\\\/logo\\\/image\\\/\",\"url\":\"https:\\\/\\\/www.atryshealth.com\\\/wp-content\\\/uploads\\\/2021\\\/12\\\/atrys-logo-probar-web.png\",\"contentUrl\":\"https:\\\/\\\/www.atryshealth.com\\\/wp-content\\\/uploads\\\/2021\\\/12\\\/atrys-logo-probar-web.png\",\"width\":1563,\"height\":1014,\"caption\":\"Atrys Health S.A.\"},\"image\":{\"@id\":\"https:\\\/\\\/www.atryshealth.com\\\/es\\\/#\\\/schema\\\/logo\\\/image\\\/\"},\"sameAs\":[\"https:\\\/\\\/x.com\\\/Atrys_Health\",\"https:\\\/\\\/es.linkedin.com\\\/company\\\/atrys-health\",\"https:\\\/\\\/www.youtube.com\\\/channel\\\/UCejhA_ghBXRG1xoe9HB9pEw\"]}]}<\/script>\n<!-- \/ Yoast SEO plugin. -->","yoast_head_json":{"title":"Diagn\u00f3stico integrado para Empresas - Atrys Health","description":"Somos una gran compa\u00f1\u00eda. Creamos nuevas soluciones para los pacientes y el sector sanitario. Miles de profesionales de Atrys ponemos nuestra experiencia al servicio de todos, para ofrecer diagn\u00f3sticos y tratamientos de precisi\u00f3n.","robots":{"index":"index","follow":"follow","max-snippet":"max-snippet:-1","max-image-preview":"max-image-preview:large","max-video-preview":"max-video-preview:-1"},"canonical":"https:\/\/www.atryshealth.com\/es\/diagnostico\/","og_locale":"es_ES","og_type":"article","og_title":"Diagn\u00f3stico integrado para Empresas - Atrys Health","og_description":"Somos una gran compa\u00f1\u00eda. Creamos nuevas soluciones para los pacientes y el sector sanitario. Miles de profesionales de Atrys ponemos nuestra experiencia al servicio de todos, para ofrecer diagn\u00f3sticos y tratamientos de precisi\u00f3n.","og_url":"https:\/\/www.atryshealth.com\/es\/diagnostico\/","og_site_name":"Atrys Health","article_modified_time":"2024-10-16T08:24:02+00:00","og_image":[{"width":1563,"height":1014,"url":"https:\/\/www.atryshealth.com\/wp-content\/uploads\/2021\/12\/atrys-logo-probar-web.png","type":"image\/png"}],"twitter_card":"summary_large_image","twitter_site":"@Atrys_Health","schema":{"@context":"https:\/\/schema.org","@graph":[{"@type":"WebPage","@id":"https:\/\/www.atryshealth.com\/es\/diagnostico\/","url":"https:\/\/www.atryshealth.com\/es\/diagnostico\/","name":"Diagn\u00f3stico integrado para Empresas - Atrys Health","isPartOf":{"@id":"https:\/\/www.atryshealth.com\/es\/#website"},"datePublished":"2021-09-15T14:10:35+00:00","dateModified":"2024-10-16T08:24:02+00:00","description":"Somos una gran compa\u00f1\u00eda. Creamos nuevas soluciones para los pacientes y el sector sanitario. Miles de profesionales de Atrys ponemos nuestra experiencia al servicio de todos, para ofrecer diagn\u00f3sticos y tratamientos de precisi\u00f3n.","breadcrumb":{"@id":"https:\/\/www.atryshealth.com\/es\/diagnostico\/#breadcrumb"},"inLanguage":"es","potentialAction":[{"@type":"ReadAction","target":["https:\/\/www.atryshealth.com\/es\/diagnostico\/"]}]},{"@type":"BreadcrumbList","@id":"https:\/\/www.atryshealth.com\/es\/diagnostico\/#breadcrumb","itemListElement":[{"@type":"ListItem","position":1,"name":"Portada","item":"https:\/\/www.atryshealth.com\/es\/"},{"@type":"ListItem","position":2,"name":"Diagn\u00f3stico integrado para Empresas"}]},{"@type":"WebSite","@id":"https:\/\/www.atryshealth.com\/es\/#website","url":"https:\/\/www.atryshealth.com\/es\/","name":"Atrys Health","description":"","publisher":{"@id":"https:\/\/www.atryshealth.com\/es\/#organization"},"potentialAction":[{"@type":"SearchAction","target":{"@type":"EntryPoint","urlTemplate":"https:\/\/www.atryshealth.com\/es\/?s={search_term_string}"},"query-input":{"@type":"PropertyValueSpecification","valueRequired":true,"valueName":"search_term_string"}}],"inLanguage":"es"},{"@type":"Organization","@id":"https:\/\/www.atryshealth.com\/es\/#organization","name":"Atrys Health S.A.","url":"https:\/\/www.atryshealth.com\/es\/","logo":{"@type":"ImageObject","inLanguage":"es","@id":"https:\/\/www.atryshealth.com\/es\/#\/schema\/logo\/image\/","url":"https:\/\/www.atryshealth.com\/wp-content\/uploads\/2021\/12\/atrys-logo-probar-web.png","contentUrl":"https:\/\/www.atryshealth.com\/wp-content\/uploads\/2021\/12\/atrys-logo-probar-web.png","width":1563,"height":1014,"caption":"Atrys Health S.A."},"image":{"@id":"https:\/\/www.atryshealth.com\/es\/#\/schema\/logo\/image\/"},"sameAs":["https:\/\/x.com\/Atrys_Health","https:\/\/es.linkedin.com\/company\/atrys-health","https:\/\/www.youtube.com\/channel\/UCejhA_ghBXRG1xoe9HB9pEw"]}]}},"_links":{"self":[{"href":"https:\/\/www.atryshealth.com\/es\/wp-json\/wp\/v2\/pages\/1125","targetHints":{"allow":["GET"]}}],"collection":[{"href":"https:\/\/www.atryshealth.com\/es\/wp-json\/wp\/v2\/pages"}],"about":[{"href":"https:\/\/www.atryshealth.com\/es\/wp-json\/wp\/v2\/types\/page"}],"author":[{"embeddable":true,"href":"https:\/\/www.atryshealth.com\/es\/wp-json\/wp\/v2\/users\/33"}],"replies":[{"embeddable":true,"href":"https:\/\/www.atryshealth.com\/es\/wp-json\/wp\/v2\/comments?post=1125"}],"version-history":[{"count":0,"href":"https:\/\/www.atryshealth.com\/es\/wp-json\/wp\/v2\/pages\/1125\/revisions"}],"wp:attachment":[{"href":"https:\/\/www.atryshealth.com\/es\/wp-json\/wp\/v2\/media?parent=1125"}],"curies":[{"name":"wp","href":"https:\/\/api.w.org\/{rel}","templated":true}]}}